{"id":2341,"date":"2020-10-01T14:07:49","date_gmt":"2020-10-01T12:07:49","guid":{"rendered":"https:\/\/dev.gemcoengineering.it\/privacy-policy\/"},"modified":"2023-05-29T16:21:35","modified_gmt":"2023-05-29T14:21:35","slug":"politique-de-confidentialite","status":"publish","type":"page","link":"https:\/\/www.gemcoengineering.it\/fr\/politique-de-confidentialite\/","title":{"rendered":"Politique de confidentialit\u00e9"},"content":{"rendered":"<div style=\"padding-top: 80px; padding-bottom: 60px;\">\n<h3>Informations fournies conform\u00e9ment \u00e0 l&#8217;article 13 du r\u00e8glement (UE) 2016\/679 (ci-apr\u00e8s d\u00e9nomm\u00e9 &#8220;RGPD&#8221;)<\/h3>\n<h4>Informations g\u00e9n\u00e9rales<\/h4>\n<p>Nous informons les sujets int\u00e9ress\u00e9s (comme mentionn\u00e9 dans l&#8217;Art.4, paragraphe 1 du RGPD) des profils g\u00e9n\u00e9raux suivants, effectifs pour tous les domaines de traitement :<\/p>\n<ul>\n<li>toutes les donn\u00e9es sont trait\u00e9es de mani\u00e8re licite, correcte et transparente \u00e0 l&#8217;\u00e9gard de la personne concern\u00e9e, dans le respect des principes g\u00e9n\u00e9raux \u00e9tablis \u00e0 l&#8217;article 5 du RGPD ;<\/li>\n<li>des mesures de s\u00e9curit\u00e9 sp\u00e9cifiques sont pr\u00e9vues pour pr\u00e9venir la perte de donn\u00e9es, l&#8217;utilisation illicite ou incorrecte et les acc\u00e8s non autoris\u00e9s.<\/li>\n<\/ul>\n<h4>R\u00e9f\u00e9rences et droits des personnes int\u00e9ress\u00e9es<\/h4>\n<ul>\n<li>Le contr\u00f4leur de donn\u00e9es est le soussign\u00e9 GEMCO Srl, repr\u00e9sent\u00e9 par son repr\u00e9sentant l\u00e9gal pro-tempore, qui peut \u00eatre adress\u00e9 pour exercer tous les droits \u00e9tablis dans l&#8217;art. 15-21 du RGPD (droit d&#8217;acc\u00e8s, de rectification, d&#8217;annulation, de limitation, de portabilit\u00e9, d&#8217;opposition), et r\u00e9voquer un consentement pr\u00e9c\u00e9demment convenu ; en cas de manque de r\u00e9ponse \u00e0 leurs demandes, les personnes concern\u00e9es peuvent d\u00e9poser une plainte aupr\u00e8s de l&#8217;Autorit\u00e9 italienne de protection des donn\u00e9es (RGPD- Art.13, paragraphe 2, lettre d).<\/li>\n<\/ul>\n<h4>Coordonn\u00e9es du contr\u00f4leur des donn\u00e9es<\/h4>\n<p>Adresse: Via Borghetto, 2\/i &#8211; 29121 Piacenza (PC) Italie<br \/>\nT\u00e9l\u00e9phone: <a href=\"tel:+3905231903456\">+39 0523 1903456<\/a> \u2013 Email: <a href=\"mailto:info@gemcoengineering.it\">info@gemcoengineering.it<\/a><\/p>\n<p>&nbsp;<\/p>\n<h4>Donn\u00e9es de navigation<\/h4>\n<p>Les syst\u00e8mes informatiques et les proc\u00e9dures logicielles utilis\u00e9s pour faire fonctionner ce site web acqui\u00e8rent, au cours de leur fonctionnement normal, certaines donn\u00e9es personnelles dont la transmission est implicite dans l&#8217;utilisation des protocoles de communication Internet. Ces informations ne sont pas collect\u00e9es pour \u00eatre associ\u00e9es \u00e0 des sujets identifi\u00e9s, mais de par leur nature m\u00eame, elles pourraient, \u00e0 travers des \u00e9laborations et des associations avec des donn\u00e9es d\u00e9tenues par des tiers, permettre l&#8217;identification des utilisateurs. Dans cette cat\u00e9gorie de donn\u00e9es sont inclus les adresses IP ou les noms de domaine des ordinateurs utilis\u00e9s par les utilisateurs qui se connectent au site, les adresses URI (Uniform Resource Identifier) des ressources demand\u00e9es, l&#8217;heure de la demande, la m\u00e9thode utilis\u00e9e pour soumettre la demande au serveur, la taille du fichier obtenu en r\u00e9ponse, le code num\u00e9rique indiquant l&#8217;\u00e9tat de la r\u00e9ponse donn\u00e9e par le serveur (succ\u00e8s, erreur, etc.) et d&#8217;autres param\u00e8tres concernant le syst\u00e8me d&#8217;exploitation et le cadre informatique des utilisateurs.<\/p>\n<table>\n<tbody>\n<tr>\n<td><strong>Finalit\u00e9 et base juridique du traitement<\/strong><br \/>\n(RGPD -Art.13, paragraphe 1, lett.c)<\/td>\n<td>Ces donn\u00e9es sont utilis\u00e9es uniquement pour obtenir des informations statistiques sur l&#8217;utilisation du site web et pour v\u00e9rifier son bon fonctionnement. Les donn\u00e9es pourraient \u00e9galement \u00eatre utilis\u00e9es pour \u00e9tablir les responsabilit\u00e9s en cas d&#8217;\u00e9ventuels d\u00e9lits informatiques contre le site web (int\u00e9r\u00eats l\u00e9gitimes du responsable du traitement)..<\/td>\n<\/tr>\n<tr>\n<td><strong>Domaine de la communication<\/strong><br \/>\n(RGPD -Art.13, paragraphe 1, lett.e,f)<\/td>\n<td>Les donn\u00e9es pourront \u00eatre trait\u00e9es exclusivement par le personnel interne, d\u00fbment autoris\u00e9 et form\u00e9 pour le traitement (RGPD -Art.29) ou par toute personne charg\u00e9e de la maintenance de la plateforme web (dans ce cas, les gestionnaires externes) et ne seront pas communiqu\u00e9es \u00e0 d&#8217;autres sujets, divulgu\u00e9es ou transf\u00e9r\u00e9es \u00e0 des pays non membres de l&#8217;UE. Seulement en cas d&#8217;enqu\u00eate, elles seront mises \u00e0 la disposition des autorit\u00e9s comp\u00e9tentes.<\/td>\n<\/tr>\n<tr>\n<td><strong>P\u00e9riode de conservation des donn\u00e9es<\/strong><br \/>\n(RGPD -Art.13, paragraphe 2, lett.a)<\/td>\n<td>Les donn\u00e9es sont normalement conserv\u00e9es pendant de courtes p\u00e9riodes, \u00e0 l&#8217;exception d&#8217;\u00e9ventuelles prolongations li\u00e9es \u00e0 des activit\u00e9s d&#8217;enqu\u00eate.<\/td>\n<\/tr>\n<tr>\n<td><strong>Mise \u00e0 disposition<\/strong><br \/>\n(RGPD -Art.13, paragraphe 2, lett.f)<\/td>\n<td>Les donn\u00e9es ne sont pas fournies par la personne concern\u00e9e mais sont acquises automatiquement par les syst\u00e8mes technologiques du site.<\/td>\n<\/tr>\n<\/tbody>\n<\/table>\n<p><span style=\"font-size: 21px;\">Cookies<\/span><\/p>\n<p><strong>Ce qu&#8217;ils sont<\/strong>: Les cookies sont de courts morceaux de texte (lettres et\/ou chiffres) qui permettent au serveur web de stocker des informations sur le client (le navigateur) pour les r\u00e9utiliser pendant cette visite sur le site web (cookies de session) ou plus tard, m\u00eame apr\u00e8s plusieurs jours (cookies persistants). Les cookies sont stock\u00e9s, en fonction des pr\u00e9f\u00e9rences de l&#8217;utilisateur, par le navigateur individuel sur le dispositif sp\u00e9cifique utilis\u00e9 (ordinateur, tablette, smartphone). Des technologies similaires, telles que, par exemple, les balises web, les GIF transparents et toutes les formes de stockage local introduites avec HTML5, peuvent \u00eatre utilis\u00e9es pour recueillir des informations sur le comportement des utilisateurs et l&#8217;utilisation des services. Dans la pr\u00e9sente d\u00e9claration, nous ferons r\u00e9f\u00e9rence aux cookies et \u00e0 toutes les technologies similaires en utilisant simplement le mot &#8220;cookie&#8221;.<\/p>\n<p>&nbsp;<\/p>\n<h4>Types possibles de cookies de premi\u00e8re partie et m\u00e9thodes de gestion des pr\u00e9f\u00e9rences<\/h4>\n<table>\n<tbody>\n<tr>\n<th>CAT\u00c9GORIE<\/th>\n<th>FINALIT\u00c9<\/th>\n<th>GESTION DES PR\u00c9F\u00c9RENCES<\/th>\n<\/tr>\n<tr>\n<td><strong>Cookies techniques de navigation ou de session <\/strong><\/td>\n<td>Pour garantir une navigation et une utilisation normales du site<\/td>\n<td rowspan=\"4\">\u00a0\u00c0 travers les principaux navigateurs web, il est possible de :<\/p>\n<ul>\n<li>Bloquer la r\u00e9ception de tous (ou de certains) types de cookies par d\u00e9faut.<\/li>\n<li>Consulter la liste analytique des cookies utilis\u00e9s<\/li>\n<li>Supprimer tout ou partie des cookies install\u00e9s<\/li>\n<\/ul>\n<p>Pour plus d&#8217;informations sur le param\u00e9trage des diff\u00e9rents navigateurs, veuillez consulter le paragraphe sp\u00e9cifique. Veuillez noter que le blocage ou la suppression des cookies peut affecter la navigation et les fonctionnalit\u00e9s du site web.<\/td>\n<\/tr>\n<tr>\n<td><strong>Cookies technico-analytiques <\/strong><\/td>\n<td>Ils recueillent des informations sur le nombre de visiteurs et les pages consult\u00e9es.<\/td>\n<\/tr>\n<tr>\n<td><strong>Cookies techniques-fonctionnels <\/strong><\/td>\n<td>Ils permettent la navigation en fonction de crit\u00e8res s\u00e9lectionn\u00e9s.<\/td>\n<\/tr>\n<tr>\n<td><strong>Cookies de profilage<\/strong><\/td>\n<td>Ils cr\u00e9ent des profils d&#8217;utilisateurs afin d&#8217;envoyer des messages publicitaires en fonction des pr\u00e9f\u00e9rences exprim\u00e9es.<\/td>\n<\/tr>\n<\/tbody>\n<\/table>\n<p>Le site web peut contenir des liens vers des sites web de tiers et des cookies de tiers; pour plus d&#8217;informations, veuillez consulter la politique de confidentialit\u00e9 des sites li\u00e9s.<\/p>\n<h4>Gestion des pr\u00e9f\u00e9rences pour les cookies de premi\u00e8re partie<\/h4>\n<p id=\"matomo_opted_out_intro\" style=\"display:none;\">Opt-out complete; your visits to this website will not be recorded by the Web Analytics tool. Note that if you clear your cookies, delete the opt-out cookie, or if you change computers or Web browsers, you will need to perform the opt-out procedure again.<\/p><p id=\"matomo_opted_in_intro\" >You may choose to prevent this website from aggregating and analyzing the actions you take here. Doing so will protect your privacy, but will also prevent the owner from learning from your actions and creating a better experience for you and other users.<\/p><form>\n        <input type=\"checkbox\" id=\"matomo_optout_checkbox\" checked=\"checked\"\/>\n        <label for=\"matomo_optout_checkbox\"><strong>\n        <span id=\"matomo_opted_in_label\" >You are not opted out. Uncheck this box to opt-out.<\/span>\n\t\t<span id=\"matomo_opted_out_label\" style=\"display:none;\">You are currently opted out. Check this box to opt-in.<\/span>\n        <\/strong><\/label><\/form><noscript><p><strong style=\"color: #ff0000;\">This opt out feature requires JavaScript.<\/strong><\/p><\/noscript><p id=\"matomo_outout_err_cookies\" style=\"display: none;\"><strong>The tracking opt-out feature requires cookies to be enabled.<\/strong><\/p>\n<p>&nbsp;<\/p>\n<h4>Gestion des pr\u00e9f\u00e9rences \u00e0 travers les principaux navigateurs<\/h4>\n<p>L&#8217;utilisateur peut d\u00e9cider d&#8217;accepter ou non les cookies en utilisant les param\u00e8tres de son navigateur (nous soulignons que, par d\u00e9faut, presque tous les navigateurs web sont configur\u00e9s pour accepter automatiquement les cookies). Les param\u00e8tres peuvent \u00eatre modifi\u00e9s et d\u00e9finis sp\u00e9cifiquement pour diff\u00e9rents sites et applications web. En outre, les meilleurs navigateurs vous permettent de d\u00e9finir des param\u00e8tres diff\u00e9rents pour les cookies &#8220;propri\u00e9taires&#8221; et &#8220;tiers&#8221;. En g\u00e9n\u00e9ral, la configuration des cookies s&#8217;effectue \u00e0 partir du menu &#8220;Pr\u00e9f\u00e9rences&#8221;, &#8220;Outils&#8221; ou &#8220;Options&#8221;.<br \/>\nVous trouverez ci-dessous une liste de liens vers les guides de gestion des cookies des principaux navigateurs :<\/p>\n<ul>\n<li>Internet Explorer: <a href=\"http:\/\/support.microsoft.com\/kb\/278835\" target=\"_blank\" rel=\"noopener noreferrer\">http:\/\/support.microsoft.com\/kb\/278835<\/a><\/li>\n<li>Internet Explorer [versione mobile]: <a href=\"http:\/\/www.windowsphone.com\/en-us\/how-to\/wp7\/web\/changing-privacy-and-other-browser-settings\" target=\"_blank\" rel=\"noopener noreferrer\">http:\/\/www.windowsphone.com\/en-us\/how-to\/wp7\/web\/changing-privacy-and-other-browser-settings<\/a><\/li>\n<li>Chrome: <a href=\"http:\/\/support.google.com\/chrome\/bin\/answer.py?hl=en-GB&amp;answer=95647\" target=\"_blank\" rel=\"noopener noreferrer\">http:\/\/support.google.com\/chrome\/bin\/answer.py?hl=en-GB&amp;answer=95647<\/a><\/li>\n<li>Safari: <a href=\"http:\/\/docs.info.apple.com\/article.html?path=Safari\/5.0\/en\/9277.html\" target=\"_blank\" rel=\"noopener noreferrer\">http:\/\/docs.info.apple.com\/article.html?path=Safari\/5.0\/en\/9277.html<\/a><\/li>\n<li>Safari [versione mobile]: <a href=\"http:\/\/support.apple.com\/kb\/HT1677\" target=\"_blank\" rel=\"noopener noreferrer\">http:\/\/support.apple.com\/kb\/HT1677<\/a><\/li>\n<li>Firefox: <a href=\"http:\/\/support.mozilla.org\/en-US\/kb\/Enabling%20and%20disabling%20cookies\" target=\"_blank\" rel=\"noopener noreferrer\">http:\/\/support.mozilla.org\/en-US\/kb\/Enabling%20and%20disabling%20cookies<\/a><\/li>\n<li>Android: <a href=\"https:\/\/support.google.com\/accounts\/answer\/61416?co=GENIE.Platform%3DAndroid&amp;hl=en\" target=\"_blank\" rel=\"noopener noreferrer\">https:\/\/support.google.com\/accounts\/answer\/61416?co=GENIE.Platform%3DAndroid&amp;hl=en<\/a><\/li>\n<li>Opera: <a href=\"http:\/\/help.opera.com\/opera\/Windows\/1781\/it\/controlPages.html#manageCookies\" target=\"_blank\" rel=\"noopener noreferrer\">http:\/\/help.opera.com\/opera\/Windows\/1781\/it\/controlPages.html#manageCookies<\/a><\/li>\n<\/ul>\n<p>&nbsp;<\/p>\n<h4>Informations compl\u00e9mentaires<\/h4>\n<ul>\n<li><a href=\"http:\/\/www.allaboutcookies.org\/\" target=\"_blank\" rel=\"noopener noreferrer\">www.allaboutcookies.org <\/a>(pour plus d&#8217;informations sur les technologies des cookies et leur fonctionnement)<\/li>\n<li><a href=\"http:\/\/www.youronlinechoices.com\/it\/a-proposito\" target=\"_blank\" rel=\"noopener noreferrer\">www.youronlinechoices.com\/it\/a-proposito<\/a> (il permet aux utilisateurs de s&#8217;opposer \u00e0 l&#8217;installation des principaux cookies de profilage)<\/li>\n<li><a href=\"http:\/\/www.garanteprivacy.it\/cookie\" target=\"_blank\" rel=\"noopener noreferrer\">www.garanteprivacy.it\/cookie<\/a> (recueil des principales interventions r\u00e9glementaires \u00e0 ce sujet de la part de l&#8217;Autorit\u00e9 italienne de protection des donn\u00e9es)<\/li>\n<\/ul>\n<p>Pour plus d&#8217;informations ou pour exercer les droits \u00e9tablis aux articles 15 \u00e0 22 du R\u00e8glement europ\u00e9en sur la protection de la vie priv\u00e9e n. 679\/16, vous pouvez contacter le Responsable du traitement des donn\u00e9es en utilisant les contacts pr\u00e9sents sur le site.<\/p>\n<h4>Services sp\u00e9cifiques<\/h4>\n<p>Le site web peut contenir des formulaires de collecte de donn\u00e9es dans le but de garantir aux utilisateurs des services\/fonctionnalit\u00e9s (par exemple : demande d&#8217;informations, inscriptions, etc.).<\/p>\n<table>\n<tbody>\n<tr>\n<td><strong>Objectif et base juridique du traitement<\/strong><br \/>\n(RGPD -Art.13, paragraphe 1, lett.c)<\/td>\n<td>(RGPD -Art.13, comma 1, lett.c) Les donn\u00e9es d&#8217;identification et de contact sont n\u00e9cessaires afin de r\u00e9pondre aux besoins des parties int\u00e9ress\u00e9es. L&#8217;envoi de la demande est soumis \u00e0 un consentement sp\u00e9cifique, libre et \u00e9clair\u00e9 (RGPD -Art.6, alin\u00e9a 1, lettre a).<\/td>\n<\/tr>\n<tr>\n<td><strong>Domaine de la communication<\/strong><br \/>\n(RGPD -Art.13, paragraphe 1, lett.e,f)<\/td>\n<td>Les donn\u00e9es sont trait\u00e9es exclusivement par le personnel d\u00fbment autoris\u00e9 et form\u00e9 (RGPD -Art.29) ou par les personnes charg\u00e9es de la maintenance de la plateforme web ou de la fourniture du service (dans ce cas, les gestionnaires externes). Les donn\u00e9es ne seront pas divulgu\u00e9es ou transf\u00e9r\u00e9es dans des pays non membres de l&#8217;UE.<\/td>\n<\/tr>\n<tr>\n<td><strong>P\u00e9riode de conservation des donn\u00e9es<\/strong><br \/>\n(RGPD -Art.13, paragraphe 2, lett.a)<\/td>\n<td>Les donn\u00e9es sont conserv\u00e9es pendant une dur\u00e9e compatible avec la finalit\u00e9 de la collecte.<\/td>\n<\/tr>\n<tr>\n<td><strong>Dispositions<\/strong><br \/>\n(RGPD -Art.13, paragraphe 2, lett.f) Les donn\u00e9es ne sont pas fournies par la partie concern\u00e9e mais acquises automatiquement par les syst\u00e8mes technologiques du site.<\/td>\n<td>Les donn\u00e9es ne sont pas fournies par la partie concern\u00e9e mais sont acquises automatiquement par les syst\u00e8mes technologiques du site. La fourniture des donn\u00e9es mentionn\u00e9es dans les champs obligatoires est n\u00e9cessaire pour obtenir une r\u00e9ponse, tandis que les champs facultatifs ont pour but de fournir au personnel d&#8217;autres \u00e9l\u00e9ments utiles pour faciliter le contact.<\/td>\n<\/tr>\n<\/tbody>\n<\/table>\n<p>L&#8217;envoi facultatif, explicite et volontaire de courrier \u00e9lectronique et\/ou ordinaire aux adresses figurant sur ce site entra\u00eene l&#8217;acquisition ult\u00e9rieure de l&#8217;adresse de l&#8217;exp\u00e9diteur, n\u00e9cessaire pour r\u00e9pondre aux demandes, ainsi que de toute autre donn\u00e9e personnelle incluse dans le message. Si l&#8217;exp\u00e9diteur envoie son propre CV pour pr\u00e9senter sa candidature professionnelle, il est le seul responsable de la pertinence et de l&#8217;exactitude des donn\u00e9es envoy\u00e9es. Veuillez noter que tout CV sans autorisation de traitement des donn\u00e9es sera imm\u00e9diatement \u00e9limin\u00e9.<\/p>\n<p>&nbsp;<\/p>\n<h4>Mise \u00e0 jour de la politique<\/h4>\n<p>Veuillez noter que cette divulgation peut faire l&#8217;objet d&#8217;une r\u00e9vision p\u00e9riodique, notamment en fonction de la l\u00e9gislation et de la jurisprudence pertinentes. En cas de changements significatifs, un pr\u00e9avis suffisant sera donn\u00e9 sur la page d&#8217;accueil du site web pendant une p\u00e9riode raisonnable. Toutefois, les sujets concern\u00e9s sont invit\u00e9s \u00e0 consulter p\u00e9riodiquement cette politique.<\/p>\n<hr class=\"no_line\" style=\"margin: 0 auto 50px;\" \/>\n<hr class=\"no_line\" style=\"margin: 0 auto 50px;\" \/>\n<\/div>\n","protected":false},"excerpt":{"rendered":"<p>Informations fournies conform\u00e9ment \u00e0 l&#8217;article 13 du r\u00e8glement (UE) 2016\/679 (ci-apr\u00e8s d\u00e9nomm\u00e9 &#8220;RGPD&#8221;) Informations g\u00e9n\u00e9rales Nous informons les sujets int\u00e9ress\u00e9s (comme mentionn\u00e9 dans l&#8217;Art.4, paragraphe 1<span class=\"excerpt-hellip\"> [\u2026]<\/span><\/p>\n","protected":false},"author":1,"featured_media":0,"parent":0,"menu_order":0,"comment_status":"closed","ping_status":"closed","template":"","meta":[],"yoast_head":"<!-- This site is optimized with the Yoast SEO plugin v19.14 - https:\/\/yoast.com\/wordpress\/plugins\/seo\/ -->\n<title>Politique de confidentialit\u00e9 - Gemco<\/title>\n<meta name=\"robots\" content=\"index, follow, max-snippet:-1, max-image-preview:large, max-video-preview:-1\" \/>\n<link rel=\"canonical\" href=\"https:\/\/www.gemcoengineering.it\/fr\/politique-de-confidentialite\/\" \/>\n<meta property=\"og:locale\" content=\"fr_FR\" \/>\n<meta property=\"og:type\" content=\"article\" \/>\n<meta property=\"og:title\" content=\"Politique de confidentialit\u00e9 - Gemco\" \/>\n<meta property=\"og:description\" content=\"Informations fournies conform\u00e9ment \u00e0 l&#8217;article 13 du r\u00e8glement (UE) 2016\/679 (ci-apr\u00e8s d\u00e9nomm\u00e9 &#8220;RGPD&#8221;) Informations g\u00e9n\u00e9rales Nous informons les sujets int\u00e9ress\u00e9s (comme mentionn\u00e9 dans l&#8217;Art.4, paragraphe 1 [\u2026]\" \/>\n<meta property=\"og:url\" content=\"https:\/\/www.gemcoengineering.it\/fr\/politique-de-confidentialite\/\" \/>\n<meta property=\"og:site_name\" content=\"Gemco\" \/>\n<meta property=\"article:modified_time\" content=\"2023-05-29T14:21:35+00:00\" \/>\n<meta name=\"twitter:card\" content=\"summary_large_image\" \/>\n<meta name=\"twitter:label1\" content=\"Dur\u00e9e de lecture estim\u00e9e\" \/>\n\t<meta name=\"twitter:data1\" content=\"7 minutes\" \/>\n<script type=\"application\/ld+json\" class=\"yoast-schema-graph\">{\"@context\":\"https:\/\/schema.org\",\"@graph\":[{\"@type\":\"WebPage\",\"@id\":\"https:\/\/www.gemcoengineering.it\/fr\/politique-de-confidentialite\/\",\"url\":\"https:\/\/www.gemcoengineering.it\/fr\/politique-de-confidentialite\/\",\"name\":\"Politique de confidentialit\u00e9 - Gemco\",\"isPartOf\":{\"@id\":\"https:\/\/www.gemcoengineering.it\/#website\"},\"datePublished\":\"2020-10-01T12:07:49+00:00\",\"dateModified\":\"2023-05-29T14:21:35+00:00\",\"breadcrumb\":{\"@id\":\"https:\/\/www.gemcoengineering.it\/fr\/politique-de-confidentialite\/#breadcrumb\"},\"inLanguage\":\"fr-FR\",\"potentialAction\":[{\"@type\":\"ReadAction\",\"target\":[\"https:\/\/www.gemcoengineering.it\/fr\/politique-de-confidentialite\/\"]}]},{\"@type\":\"BreadcrumbList\",\"@id\":\"https:\/\/www.gemcoengineering.it\/fr\/politique-de-confidentialite\/#breadcrumb\",\"itemListElement\":[{\"@type\":\"ListItem\",\"position\":1,\"name\":\"Home\",\"item\":\"https:\/\/www.gemcoengineering.it\/fr\/\"},{\"@type\":\"ListItem\",\"position\":2,\"name\":\"Politique de confidentialit\u00e9\"}]},{\"@type\":\"WebSite\",\"@id\":\"https:\/\/www.gemcoengineering.it\/#website\",\"url\":\"https:\/\/www.gemcoengineering.it\/\",\"name\":\"Gemco Engineering\",\"description\":\"Engineering Solution\",\"publisher\":{\"@id\":\"https:\/\/www.gemcoengineering.it\/#organization\"},\"potentialAction\":[{\"@type\":\"SearchAction\",\"target\":{\"@type\":\"EntryPoint\",\"urlTemplate\":\"https:\/\/www.gemcoengineering.it\/?s={search_term_string}\"},\"query-input\":\"required name=search_term_string\"}],\"inLanguage\":\"fr-FR\"},{\"@type\":\"Organization\",\"@id\":\"https:\/\/www.gemcoengineering.it\/#organization\",\"name\":\"Gemco Engineering\",\"url\":\"https:\/\/www.gemcoengineering.it\/\",\"logo\":{\"@type\":\"ImageObject\",\"inLanguage\":\"fr-FR\",\"@id\":\"https:\/\/www.gemcoengineering.it\/#\/schema\/logo\/image\/\",\"url\":\"https:\/\/www.gemcoengineering.it\/wp-content\/uploads\/2020\/10\/Logo-Gemco.png\",\"contentUrl\":\"https:\/\/www.gemcoengineering.it\/wp-content\/uploads\/2020\/10\/Logo-Gemco.png\",\"width\":300,\"height\":87,\"caption\":\"Gemco Engineering\"},\"image\":{\"@id\":\"https:\/\/www.gemcoengineering.it\/#\/schema\/logo\/image\/\"}}]}<\/script>\n<!-- \/ Yoast SEO plugin. -->","yoast_head_json":{"title":"Politique de confidentialit\u00e9 - Gemco","robots":{"index":"index","follow":"follow","max-snippet":"max-snippet:-1","max-image-preview":"max-image-preview:large","max-video-preview":"max-video-preview:-1"},"canonical":"https:\/\/www.gemcoengineering.it\/fr\/politique-de-confidentialite\/","og_locale":"fr_FR","og_type":"article","og_title":"Politique de confidentialit\u00e9 - Gemco","og_description":"Informations fournies conform\u00e9ment \u00e0 l&#8217;article 13 du r\u00e8glement (UE) 2016\/679 (ci-apr\u00e8s d\u00e9nomm\u00e9 &#8220;RGPD&#8221;) Informations g\u00e9n\u00e9rales Nous informons les sujets int\u00e9ress\u00e9s (comme mentionn\u00e9 dans l&#8217;Art.4, paragraphe 1 [\u2026]","og_url":"https:\/\/www.gemcoengineering.it\/fr\/politique-de-confidentialite\/","og_site_name":"Gemco","article_modified_time":"2023-05-29T14:21:35+00:00","twitter_card":"summary_large_image","twitter_misc":{"Dur\u00e9e de lecture estim\u00e9e":"7 minutes"},"schema":{"@context":"https:\/\/schema.org","@graph":[{"@type":"WebPage","@id":"https:\/\/www.gemcoengineering.it\/fr\/politique-de-confidentialite\/","url":"https:\/\/www.gemcoengineering.it\/fr\/politique-de-confidentialite\/","name":"Politique de confidentialit\u00e9 - Gemco","isPartOf":{"@id":"https:\/\/www.gemcoengineering.it\/#website"},"datePublished":"2020-10-01T12:07:49+00:00","dateModified":"2023-05-29T14:21:35+00:00","breadcrumb":{"@id":"https:\/\/www.gemcoengineering.it\/fr\/politique-de-confidentialite\/#breadcrumb"},"inLanguage":"fr-FR","potentialAction":[{"@type":"ReadAction","target":["https:\/\/www.gemcoengineering.it\/fr\/politique-de-confidentialite\/"]}]},{"@type":"BreadcrumbList","@id":"https:\/\/www.gemcoengineering.it\/fr\/politique-de-confidentialite\/#breadcrumb","itemListElement":[{"@type":"ListItem","position":1,"name":"Home","item":"https:\/\/www.gemcoengineering.it\/fr\/"},{"@type":"ListItem","position":2,"name":"Politique de confidentialit\u00e9"}]},{"@type":"WebSite","@id":"https:\/\/www.gemcoengineering.it\/#website","url":"https:\/\/www.gemcoengineering.it\/","name":"Gemco Engineering","description":"Engineering Solution","publisher":{"@id":"https:\/\/www.gemcoengineering.it\/#organization"},"potentialAction":[{"@type":"SearchAction","target":{"@type":"EntryPoint","urlTemplate":"https:\/\/www.gemcoengineering.it\/?s={search_term_string}"},"query-input":"required name=search_term_string"}],"inLanguage":"fr-FR"},{"@type":"Organization","@id":"https:\/\/www.gemcoengineering.it\/#organization","name":"Gemco Engineering","url":"https:\/\/www.gemcoengineering.it\/","logo":{"@type":"ImageObject","inLanguage":"fr-FR","@id":"https:\/\/www.gemcoengineering.it\/#\/schema\/logo\/image\/","url":"https:\/\/www.gemcoengineering.it\/wp-content\/uploads\/2020\/10\/Logo-Gemco.png","contentUrl":"https:\/\/www.gemcoengineering.it\/wp-content\/uploads\/2020\/10\/Logo-Gemco.png","width":300,"height":87,"caption":"Gemco Engineering"},"image":{"@id":"https:\/\/www.gemcoengineering.it\/#\/schema\/logo\/image\/"}}]}},"_links":{"self":[{"href":"https:\/\/www.gemcoengineering.it\/fr\/wp-json\/wp\/v2\/pages\/2341"}],"collection":[{"href":"https:\/\/www.gemcoengineering.it\/fr\/wp-json\/wp\/v2\/pages"}],"about":[{"href":"https:\/\/www.gemcoengineering.it\/fr\/wp-json\/wp\/v2\/types\/page"}],"author":[{"embeddable":true,"href":"https:\/\/www.gemcoengineering.it\/fr\/wp-json\/wp\/v2\/users\/1"}],"replies":[{"embeddable":true,"href":"https:\/\/www.gemcoengineering.it\/fr\/wp-json\/wp\/v2\/comments?post=2341"}],"version-history":[{"count":4,"href":"https:\/\/www.gemcoengineering.it\/fr\/wp-json\/wp\/v2\/pages\/2341\/revisions"}],"predecessor-version":[{"id":2568,"href":"https:\/\/www.gemcoengineering.it\/fr\/wp-json\/wp\/v2\/pages\/2341\/revisions\/2568"}],"wp:attachment":[{"href":"https:\/\/www.gemcoengineering.it\/fr\/wp-json\/wp\/v2\/media?parent=2341"}],"curies":[{"name":"wp","href":"https:\/\/api.w.org\/{rel}","templated":true}]}}