{"id":2337,"date":"2017-06-28T17:24:25","date_gmt":"2017-06-28T15:24:25","guid":{"rendered":"https:\/\/dev.gemcoengineering.it\/cookie-policy\/"},"modified":"2023-05-29T16:30:26","modified_gmt":"2023-05-29T14:30:26","slug":"politique-en-matiere-de-cookies","status":"publish","type":"page","link":"https:\/\/www.gemcoengineering.it\/fr\/politique-en-matiere-de-cookies\/","title":{"rendered":"Politique en mati\u00e8re de cookies"},"content":{"rendered":"<div style=\"padding-top: 80px; padding-bottom: 100px;\">\n<h3>Politique relative aux cookies<\/h3>\n<p>1.Que sont les cookies ?<\/p>\n<p>Les cookies sont de petits fichiers texte que les sites visit\u00e9s par les utilisateurs envoient \u00e0 leurs terminaux, o\u00f9 ils sont stock\u00e9s avant d&#8217;\u00eatre retransmis aux m\u00eames sites lors de votre prochaine visite. Les cookies de soi-disant \u00ab tiers \u00bb sont, au contraire, d\u00e9finis par un site web autre que celui que l&#8217;utilisateur est en train de visiter. En effet, chaque site peut pr\u00e9senter des \u00e9l\u00e9ments (images, cartes, sons, liens sp\u00e9cifiques vers des pages web d&#8217;autres domaines, etc.) r\u00e9sidant sur des serveurs autres que celui du site visit\u00e9.<\/p>\n<p>2. A quoi servent les cookies ?<\/p>\n<p>Les cookies sont utilis\u00e9s \u00e0 diff\u00e9rentes fins : ex\u00e9cution des informations d&#8217;authentification, surveillance des sessions, stockage des informations sur les configurations sp\u00e9cifiques des utilisateurs acc\u00e9dant au serveur, stockage des pr\u00e9f\u00e9rences, etc.<\/p>\n<p>3. Que sont les cookies \u00ab techniques \u00bb ?<\/p>\n<p>Ce sont des cookies utilis\u00e9s pour faciliter la navigation ou fournir un service demand\u00e9 par l&#8217;utilisateur. Ils ne sont pas utilis\u00e9s \u00e0 d&#8217;autres fins et sont g\u00e9n\u00e9ralement install\u00e9s par le propri\u00e9taire du site Web.<\/p>\n<p>Sans l&#8217;utilisation de ces cookies, certaines op\u00e9rations pourraient ne pas \u00eatre effectu\u00e9es ou seraient plus complexes et\/ou moins s\u00e9curis\u00e9es, telles que les activit\u00e9s de banque \u00e0 domicile (affichage du relev\u00e9 de compte, op\u00e9rations bancaires, paiement de factures, etc.), pour lesquelles ces cookies, qui permettent d&#8217;\u00e9tablir et de conserver l&#8217;identification de l&#8217;utilisateur avec la session , sont indispensables.<\/p>\n<p>4. Les cookies d&#8217;Analytics sont-ils des cookies &#8220;techniques&#8221; ? ?<\/p>\n<p>Non. Le Garant (voir l&#8217;ordonnance du 8 mai 2014) a d\u00e9clar\u00e9 qu&#8217;il ne peut \u00eatre trait\u00e9 comme un cookie technique que s&#8217;il est utilis\u00e9 pour l&#8217;optimisation du site par le propri\u00e9taire du site, qui peut collecter des informations agr\u00e9g\u00e9es sur le nombre d&#8217;utilisateurs et la mani\u00e8re dont ils visitent le site. . Dans ces conditions, pour les cookies d&#8217;Analytics sont en vigueur les m\u00eames r\u00e8gles, en mati\u00e8re de divulgation et de consentement, pr\u00e9vues pour les cookies techniques.<\/p>\n<p>5. Que sont les cookies de \u00ab profilage \u00bb ?<\/p>\n<p>Ce sont des cookies utilis\u00e9s pour suivre la navigation de l&#8217;utilisateur sur le r\u00e9seau et cr\u00e9er des profils sur ses go\u00fbts, ses habitudes, ses choix, etc. Gr\u00e2ce \u00e0 ces cookies, peuvent \u00eatre transmises au terminal de l&#8217;utilisateur des messages publicitaires en ad\u00e9quation avec les pr\u00e9f\u00e9rences d\u00e9j\u00e0 exprim\u00e9es par l&#8217;utilisateur lors de sa navigation en ligne.<\/p>\n<p>6. Le consentement de l&#8217;utilisateur est-il n\u00e9cessaire \u00e0 l&#8217;installation de cookies sur son terminal ?<\/p>\n<p>Cela d\u00e9pend de la finalit\u00e9 pour laquelle les cookies sont utilis\u00e9s et, par cons\u00e9quent, si les cookies sont \u00ab techniques \u00bb ou \u00ab de profilage \u00bb.<\/p>\n<p>Pour l&#8217;installation de cookies techniques n&#8217;est pas n\u00e9cessaire le consentement des utilisateurs, alors qu&#8217;il est obligatoire de donner l&#8217;information (art . 13 du Code de la protection de la vie priv\u00e9e) . Les cookies de profilage, en revanche, ne peuvent \u00eatre install\u00e9s sur le terminal de l&#8217;utilisateur que s&#8217;il a donn\u00e9 son consentement apr\u00e8s avoir \u00e9t\u00e9 inform\u00e9 d&#8217;une disposition simplifi\u00e9e.<\/p>\n<h4>Les types de cookies que nous utilisons<\/h4>\n<p style=\"font-weight: bold; margin: 0 0 5px 0;\">Cookies n\u00e9cessaires<\/p>\n<p>Ces cookies sont indispensables pour permettre aux utilisateurs de se d\u00e9placer sur le site et d&#8217;utiliser pleinement ses fonctionnalit\u00e9s, telles que l&#8217;acc\u00e8s aux diff\u00e9rentes zones prot\u00e9g\u00e9es du site. Sans ces cookies, certains services n\u00e9cessaires, tels que remplir un formulaire pour un concours, ne peuvent pas \u00eatre utilis\u00e9s.<\/p>\n<p style=\"font-weight: bold; margin: 0 0 5px 0;\">Cookie de performance<\/p>\n<p>Ces cookies recueillent des informations sur la fa\u00e7on dont les visiteurs utilisent un site Web, par exemple, quelles sont les pages les plus visit\u00e9es, si vous recevez des messages d&#8217;erreur \u00e0 partir de pages Web. Ces cookies ne collectent pas d&#8217;informations permettant d&#8217;identifier un visiteur. Toutes les informations collect\u00e9es via les cookies sont agr\u00e9g\u00e9es et donc anonymes. Ils ne sont utilis\u00e9s que pour am\u00e9liorer les performances d&#8217;un site Web.<br \/>\nEn utilisant notre site internet, vous acceptez que ces cookies soient install\u00e9s sur votre appareil.<br \/>\nLes cookies de performance utilis\u00e9s sur notre site sont les cookies de _pk_ses et _pk_id Matomo.<\/p>\n<table>\n<tbody>\n<tr>\n<td>Nom du cookie<\/td>\n<td>Date d&#8217;expiration<\/td>\n<td>Description<\/td>\n<\/tr>\n<tr>\n<td>_pk_ses<\/td>\n<td>30 minutes<\/td>\n<td>Cookies de courte dur\u00e9e utilis\u00e9s pour stocker temporairement des donn\u00e9es pour la visite. Cookie propri\u00e9taire (stock\u00e9 sur nos serveurs conform\u00e9ment au RGPD), g\u00e9r\u00e9 par Matomo.<\/td>\n<\/tr>\n<tr>\n<td>_pk_id<\/td>\n<td>1 an 27 jours<\/td>\n<td>Utilis\u00e9 pour stocker certains d\u00e9tails sur l&#8217;utilisateur, tels que l&#8217;identifiant unique du visiteur. Cookie propri\u00e9taire (stock\u00e9 sur nos serveurs conform\u00e9ment au RGPD), g\u00e9r\u00e9 par Matomo.<\/td>\n<\/tr>\n<\/tbody>\n<\/table>\n<p>Vous pouvez emp\u00eacher Google de d\u00e9tecter un cookie g\u00e9n\u00e9r\u00e9 \u00e0 la suite de (et li\u00e9 \u00e0) votre utilisation de ce site Web (y compris votre adresse IP) et le traitement de ces donn\u00e9es en t\u00e9l\u00e9chargeant et en installant ce plugin pour le navigateur:<a href=\"https:\/\/tools.google.com\/dlpage\/gaoptout\" target=\"_blank\" rel=\"noopener noreferrer\">https:\/\/tools.google.com\/dlpage\/gaoptout<\/a><\/p>\n<p>&nbsp;<\/p>\n<p style=\"font-weight: bold; margin: 0 0 5px 0;\">Cookies de fonctionnalit\u00e9<\/p>\n<p>Ces cookies permettent au site de m\u00e9moriser les choix effectu\u00e9s par l&#8217;utilisateur (tels que le nom, la langue ou la r\u00e9gion d&#8217;origine) et de fournir des fonctionnalit\u00e9s personnalis\u00e9es avanc\u00e9es. Ces cookies peuvent \u00e9galement \u00eatre utilis\u00e9s pour m\u00e9moriser les modifications apport\u00e9es \u00e0 la taille du texte, \u00e0 la police et \u00e0 d&#8217;autres parties des pages Web que vous pouvez personnaliser. Ils peuvent \u00e9galement \u00eatre utilis\u00e9s pour fournir des services que vous avez demand\u00e9s, comme regarder une vid\u00e9o ou commenter un blog. Les informations recueillies \u00e0 partir de ces types de cookies peuvent \u00eatre rendues anonymes et ne pas \u00eatre en mesure de suivre votre activit\u00e9 de navigation sur d&#8217;autres sites Web.<\/p>\n<p>&nbsp;<\/p>\n<h4>Comment bloquer les cookies<\/h4>\n<p style=\"font-weight: bold; margin: 0 0 5px 0;\">Internet Explorer<\/p>\n<ul>\n<li>Cliquez sur l&#8217;ic\u00f4ne en forme de roue dent\u00e9e en haut \u00e0 droite du navigateur<\/li>\n<li>S\u00e9lectionnez \u00ab Options Internet \u00bb, puis cliquez sur l&#8217;onglet \u00ab Confidentialit\u00e9 \u00bb puis sur le bouton \u00ab Avanc\u00e9 \u00bb<\/li>\n<li>Mettez une coche \u00e0 c\u00f4t\u00e9 de \u00ab Remplacer la gestion automatique des cookies \u00bb et s\u00e9lectionnez \u00ab Bloquer \u00bb sous \u00ab Remplacer la gestion automatique des cookies \u00bb et sous la rubrique \u00ab Cookies tiers \u00bb pour d\u00e9sactiver leurs cookies.<\/li>\n<li>Cliquez ensuite sur \u00ab OK \u00bb<\/li>\n<\/ul>\n<p>NB. Pour activer le \u00ab Do Not Track \u00bb, cliquez sur l&#8217;ic\u00f4ne en forme de roue dent\u00e9e en haut \u00e0 droite, s\u00e9lectionnez \u00ab S\u00e9curit\u00e9 \u00bb &gt; \u00ab Activer les demandes Do Not Track \u00bb dans le menu qui s&#8217;affiche et cliquez sur le bouton \u00ab Activer \u00bb dans la fen\u00eatre qui s&#8217;ouvre.<\/p>\n<p>&nbsp;<\/p>\n<p style=\"font-weight: bold; margin: 0 0 5px 0;\">Google Chrome<\/p>\n<ul>\n<li>Cliquez sur l&#8217;ic\u00f4ne de menu en haut \u00e0 droite dans le navigateur<\/li>\n<li>S\u00e9lectionnez \u00ab Param\u00e8tres \u00bb, puis cliquez sur \u00ab Afficher les param\u00e8tres avanc\u00e9s \u00bb puis sur \u00ab Param\u00e8tres de contenu \u00bb<\/li>\n<li>Mettez une coche \u00e0 c\u00f4t\u00e9 de \u00ab Emp\u00eacher les sites de d\u00e9finir des donn\u00e9es \u00bb et\/ou \u00e0 c\u00f4t\u00e9 de \u00ab Bloquer les cookies tiers et les donn\u00e9es de site \u00bb<\/li>\n<li>Cliquez ensuite sur \u00ab Terminer \u00bb<\/li>\n<\/ul>\n<p>NB. Pour autoriser les cookies uniquement de certains sites, cliquez sur \u00ab G\u00e9rer les exceptions \u00bb, saisissez l&#8217;URL du site que vous souhaitez, cliquez sur \u00ab Autoriser \u00bb puis sur \u00ab Terminer \u00bb.<br \/>\nPour activer la fonction &#8220;Do Not Track&#8221;, retournez dans les &#8220;Param\u00e8tres&#8221; &gt; &#8220;Afficher les param\u00e8tres avanc\u00e9s&#8221; de Chrome et cochez la case &#8220;Envoyer une demande&#8221; ne pas suivre &#8220;avec votre trafic de navigation&#8221;.<\/p>\n<p>&nbsp;<\/p>\n<p style=\"font-weight: bold; margin: 0 0 5px 0;\">Firefox<\/p>\n<ul>\n<li>Cliquez sur l&#8217;ic\u00f4ne de menu en haut \u00e0 droite dans le navigateur<\/li>\n<li>S\u00e9lectionnez \u00ab Options \u00bb, puis cliquez sur \u00ab Confidentialit\u00e9 \u00bb<\/li>\n<li>Dans le menu d\u00e9roulant \u00ab Historique des param\u00e8tres \u00bb, s\u00e9lectionnez \u00ab Utiliser les param\u00e8tres personnalis\u00e9s \u00bb et d\u00e9cochez \u00ab Accepter les cookies des sites \u00bb. Si vous souhaitez bloquer les cookies pour les sites tiers, d\u00e9finissez sur &#8220;Jamais&#8221; le menu d\u00e9roulant &#8220;Accepter les cookies tiers&#8221;<\/li>\n<\/ul>\n<p>NB.\u00a0Pour activer la fonction \u00ab Do Not Track \u00bb, retournez dans le menu \u00ab Options \u00bb &gt; \u00ab Privacy \u00bb de Firefox et cochez &#8220;Exiger des sites qu&#8217;ils ne vous suivent pas&#8221;.<\/p>\n<p>&nbsp;<\/p>\n<p style=\"font-weight: bold; margin: 0 0 5px 0;\">Safari<\/p>\n<ul>\n<li>S\u00e9lectionnez \u00ab Pr\u00e9f\u00e9rences \u00bb dans le menu Safari en haut \u00e0 gauche du navigateur<\/li>\n<li>S\u00e9lectionnez la &#8220;Confidentialit\u00e9&#8221;, puis cliquez sur la case \u00e0 cocher &#8220;Hold Forever&#8221;<\/li>\n<li>Alternativement, si vous souhaitez autoriser les cookies sur un seul site Web : visitez ce dernier, acc\u00e9dez aux param\u00e8tres de confidentialit\u00e9 de votre navigateur et s\u00e9lectionnez la coche \u00e0 c\u00f4t\u00e9 de &#8220;Autoriser uniquement le site Web actuel&#8221;.<\/li>\n<\/ul>\n<p>NB. Pour activer le \u00ab Do Not Track \u00bb et revenir au \u00ab Menu Safari \u00bb &gt; \u00ab Pr\u00e9f\u00e9rence \u00bb &gt; \u00ab Confidentialit\u00e9 \u00bb et cocher la case \u00ab Demander aux sites Web de ne pas suivre \u00bb.<\/p>\n<p>&nbsp;<\/p>\n<p style=\"font-weight: bold; margin: 0 0 5px 0;\">Bloquer les cookies sur les appareils mobiles Android<\/p>\n<ul>\n<li>Chrome\n<ul>\n<li>Cliquez sur le bouton \u00ab Menu \u00bb en haut \u00e0 droite dans le navigateur<\/li>\n<li>S\u00e9lectionnez \u00ab Param\u00e8tres \u00bb, puis cliquez sur \u00ab Param\u00e8tres de contenu \u00bb et d\u00e9cochez la case \u00ab Accepter les cookies \u00bb<\/li>\n<\/ul>\n<p>NB. Pour activer le &#8220;Ne pas suivre&#8221; \u00e0 la place, allez dans &#8220;Param\u00e8tres&#8221;&gt; &#8220;Confidentialit\u00e9&#8221;, cliquez sur &#8220;Ne pas suivre&#8221; et faites glisser le coin sup\u00e9rieur droit sur ON.<\/li>\n<li>Firefox\n<ul>\n<li>Cliquez sur le bouton \u00ab Menu \u00bb en haut \u00e0 droite dans le navigateur<\/li>\n<li>S\u00e9lectionnez &#8220;Param\u00e8tres&#8221;, puis cliquez sur &#8220;Cookies&#8221; et cochez la case &#8220;activ\u00e9&#8221; si vous souhaitez d\u00e9sactiver totalement, ou sur &#8220;Actif, tiers exclu&#8221; si vous souhaitez d\u00e9sactiver les cookies pour les sites de tiers.<\/li>\n<\/ul>\n<p>NB. Pour activer le \u00ab Do Not Track \u00bb \u00e0 la place, cliquez sur \u00ab Tracking \u00bb et choisissez \u00ab Request to sites to make any tracking \u00bb dans la bo\u00eete qui s&#8217;ouvre.<\/li>\n<\/ul>\n<p style=\"font-weight: bold; margin: 0 0 5px 0;\">Bloquer les cookies sur les appareils mobiles Apple<\/p>\n<ul>\n<li>S\u00e9lectionnez le menu &#8220;Param\u00e8tres&#8221;, qui se trouve dans l&#8217;\u00e9cran d&#8217;accueil iOS<\/li>\n<li>S\u00e9lectionnez l&#8217;ic\u00f4ne Safari dans le menu qui s&#8217;ouvre<\/li>\n<li>Sous \u00ab Bloquer les cookies \u00bb, cochez la case \u00ab Tout bloquer \u00bb pour d\u00e9sactiver compl\u00e8tement les cookies.<\/li>\n<\/ul>\n<p>NB. Pour activer la fonction &#8220;Do Not Track&#8221;, retournez dans les &#8220;Param\u00e8tres&#8221; &gt; &#8220;Safari&#8221; et r\u00e9glez sur &#8220;ON&#8221; le levier pour l&#8217;\u00e9l\u00e9ment &#8220;non d\u00e9tect\u00e9&#8221;.<\/p>\n<\/div>\n","protected":false},"excerpt":{"rendered":"<p>Politique relative aux cookies 1.Que sont les cookies ? Les cookies sont de petits fichiers texte que les sites visit\u00e9s par les utilisateurs envoient \u00e0 leurs<span class=\"excerpt-hellip\"> [\u2026]<\/span><\/p>\n","protected":false},"author":1,"featured_media":0,"parent":0,"menu_order":0,"comment_status":"closed","ping_status":"closed","template":"","meta":[],"yoast_head":"<!-- This site is optimized with the Yoast SEO plugin v19.14 - https:\/\/yoast.com\/wordpress\/plugins\/seo\/ -->\n<title>Politique en mati\u00e8re de cookies - Gemco<\/title>\n<meta name=\"robots\" content=\"index, follow, max-snippet:-1, max-image-preview:large, max-video-preview:-1\" \/>\n<link rel=\"canonical\" href=\"https:\/\/www.gemcoengineering.it\/fr\/politique-en-matiere-de-cookies\/\" \/>\n<meta property=\"og:locale\" content=\"fr_FR\" \/>\n<meta property=\"og:type\" content=\"article\" \/>\n<meta property=\"og:title\" content=\"Politique en mati\u00e8re de cookies - Gemco\" \/>\n<meta property=\"og:description\" content=\"Politique relative aux cookies 1.Que sont les cookies ? Les cookies sont de petits fichiers texte que les sites visit\u00e9s par les utilisateurs envoient \u00e0 leurs [\u2026]\" \/>\n<meta property=\"og:url\" content=\"https:\/\/www.gemcoengineering.it\/fr\/politique-en-matiere-de-cookies\/\" \/>\n<meta property=\"og:site_name\" content=\"Gemco\" \/>\n<meta property=\"article:modified_time\" content=\"2023-05-29T14:30:26+00:00\" \/>\n<meta name=\"twitter:card\" content=\"summary_large_image\" \/>\n<meta name=\"twitter:label1\" content=\"Dur\u00e9e de lecture estim\u00e9e\" \/>\n\t<meta name=\"twitter:data1\" content=\"7 minutes\" \/>\n<script type=\"application\/ld+json\" class=\"yoast-schema-graph\">{\"@context\":\"https:\/\/schema.org\",\"@graph\":[{\"@type\":\"WebPage\",\"@id\":\"https:\/\/www.gemcoengineering.it\/fr\/politique-en-matiere-de-cookies\/\",\"url\":\"https:\/\/www.gemcoengineering.it\/fr\/politique-en-matiere-de-cookies\/\",\"name\":\"Politique en mati\u00e8re de cookies - Gemco\",\"isPartOf\":{\"@id\":\"https:\/\/www.gemcoengineering.it\/#website\"},\"datePublished\":\"2017-06-28T15:24:25+00:00\",\"dateModified\":\"2023-05-29T14:30:26+00:00\",\"breadcrumb\":{\"@id\":\"https:\/\/www.gemcoengineering.it\/fr\/politique-en-matiere-de-cookies\/#breadcrumb\"},\"inLanguage\":\"fr-FR\",\"potentialAction\":[{\"@type\":\"ReadAction\",\"target\":[\"https:\/\/www.gemcoengineering.it\/fr\/politique-en-matiere-de-cookies\/\"]}]},{\"@type\":\"BreadcrumbList\",\"@id\":\"https:\/\/www.gemcoengineering.it\/fr\/politique-en-matiere-de-cookies\/#breadcrumb\",\"itemListElement\":[{\"@type\":\"ListItem\",\"position\":1,\"name\":\"Home\",\"item\":\"https:\/\/www.gemcoengineering.it\/fr\/\"},{\"@type\":\"ListItem\",\"position\":2,\"name\":\"Politique en mati\u00e8re de cookies\"}]},{\"@type\":\"WebSite\",\"@id\":\"https:\/\/www.gemcoengineering.it\/#website\",\"url\":\"https:\/\/www.gemcoengineering.it\/\",\"name\":\"Gemco Engineering\",\"description\":\"Engineering Solution\",\"publisher\":{\"@id\":\"https:\/\/www.gemcoengineering.it\/#organization\"},\"potentialAction\":[{\"@type\":\"SearchAction\",\"target\":{\"@type\":\"EntryPoint\",\"urlTemplate\":\"https:\/\/www.gemcoengineering.it\/?s={search_term_string}\"},\"query-input\":\"required name=search_term_string\"}],\"inLanguage\":\"fr-FR\"},{\"@type\":\"Organization\",\"@id\":\"https:\/\/www.gemcoengineering.it\/#organization\",\"name\":\"Gemco Engineering\",\"url\":\"https:\/\/www.gemcoengineering.it\/\",\"logo\":{\"@type\":\"ImageObject\",\"inLanguage\":\"fr-FR\",\"@id\":\"https:\/\/www.gemcoengineering.it\/#\/schema\/logo\/image\/\",\"url\":\"https:\/\/www.gemcoengineering.it\/wp-content\/uploads\/2020\/10\/Logo-Gemco.png\",\"contentUrl\":\"https:\/\/www.gemcoengineering.it\/wp-content\/uploads\/2020\/10\/Logo-Gemco.png\",\"width\":300,\"height\":87,\"caption\":\"Gemco Engineering\"},\"image\":{\"@id\":\"https:\/\/www.gemcoengineering.it\/#\/schema\/logo\/image\/\"}}]}<\/script>\n<!-- \/ Yoast SEO plugin. -->","yoast_head_json":{"title":"Politique en mati\u00e8re de cookies - Gemco","robots":{"index":"index","follow":"follow","max-snippet":"max-snippet:-1","max-image-preview":"max-image-preview:large","max-video-preview":"max-video-preview:-1"},"canonical":"https:\/\/www.gemcoengineering.it\/fr\/politique-en-matiere-de-cookies\/","og_locale":"fr_FR","og_type":"article","og_title":"Politique en mati\u00e8re de cookies - Gemco","og_description":"Politique relative aux cookies 1.Que sont les cookies ? Les cookies sont de petits fichiers texte que les sites visit\u00e9s par les utilisateurs envoient \u00e0 leurs [\u2026]","og_url":"https:\/\/www.gemcoengineering.it\/fr\/politique-en-matiere-de-cookies\/","og_site_name":"Gemco","article_modified_time":"2023-05-29T14:30:26+00:00","twitter_card":"summary_large_image","twitter_misc":{"Dur\u00e9e de lecture estim\u00e9e":"7 minutes"},"schema":{"@context":"https:\/\/schema.org","@graph":[{"@type":"WebPage","@id":"https:\/\/www.gemcoengineering.it\/fr\/politique-en-matiere-de-cookies\/","url":"https:\/\/www.gemcoengineering.it\/fr\/politique-en-matiere-de-cookies\/","name":"Politique en mati\u00e8re de cookies - Gemco","isPartOf":{"@id":"https:\/\/www.gemcoengineering.it\/#website"},"datePublished":"2017-06-28T15:24:25+00:00","dateModified":"2023-05-29T14:30:26+00:00","breadcrumb":{"@id":"https:\/\/www.gemcoengineering.it\/fr\/politique-en-matiere-de-cookies\/#breadcrumb"},"inLanguage":"fr-FR","potentialAction":[{"@type":"ReadAction","target":["https:\/\/www.gemcoengineering.it\/fr\/politique-en-matiere-de-cookies\/"]}]},{"@type":"BreadcrumbList","@id":"https:\/\/www.gemcoengineering.it\/fr\/politique-en-matiere-de-cookies\/#breadcrumb","itemListElement":[{"@type":"ListItem","position":1,"name":"Home","item":"https:\/\/www.gemcoengineering.it\/fr\/"},{"@type":"ListItem","position":2,"name":"Politique en mati\u00e8re de cookies"}]},{"@type":"WebSite","@id":"https:\/\/www.gemcoengineering.it\/#website","url":"https:\/\/www.gemcoengineering.it\/","name":"Gemco Engineering","description":"Engineering Solution","publisher":{"@id":"https:\/\/www.gemcoengineering.it\/#organization"},"potentialAction":[{"@type":"SearchAction","target":{"@type":"EntryPoint","urlTemplate":"https:\/\/www.gemcoengineering.it\/?s={search_term_string}"},"query-input":"required name=search_term_string"}],"inLanguage":"fr-FR"},{"@type":"Organization","@id":"https:\/\/www.gemcoengineering.it\/#organization","name":"Gemco Engineering","url":"https:\/\/www.gemcoengineering.it\/","logo":{"@type":"ImageObject","inLanguage":"fr-FR","@id":"https:\/\/www.gemcoengineering.it\/#\/schema\/logo\/image\/","url":"https:\/\/www.gemcoengineering.it\/wp-content\/uploads\/2020\/10\/Logo-Gemco.png","contentUrl":"https:\/\/www.gemcoengineering.it\/wp-content\/uploads\/2020\/10\/Logo-Gemco.png","width":300,"height":87,"caption":"Gemco Engineering"},"image":{"@id":"https:\/\/www.gemcoengineering.it\/#\/schema\/logo\/image\/"}}]}},"_links":{"self":[{"href":"https:\/\/www.gemcoengineering.it\/fr\/wp-json\/wp\/v2\/pages\/2337"}],"collection":[{"href":"https:\/\/www.gemcoengineering.it\/fr\/wp-json\/wp\/v2\/pages"}],"about":[{"href":"https:\/\/www.gemcoengineering.it\/fr\/wp-json\/wp\/v2\/types\/page"}],"author":[{"embeddable":true,"href":"https:\/\/www.gemcoengineering.it\/fr\/wp-json\/wp\/v2\/users\/1"}],"replies":[{"embeddable":true,"href":"https:\/\/www.gemcoengineering.it\/fr\/wp-json\/wp\/v2\/comments?post=2337"}],"version-history":[{"count":6,"href":"https:\/\/www.gemcoengineering.it\/fr\/wp-json\/wp\/v2\/pages\/2337\/revisions"}],"predecessor-version":[{"id":2570,"href":"https:\/\/www.gemcoengineering.it\/fr\/wp-json\/wp\/v2\/pages\/2337\/revisions\/2570"}],"wp:attachment":[{"href":"https:\/\/www.gemcoengineering.it\/fr\/wp-json\/wp\/v2\/media?parent=2337"}],"curies":[{"name":"wp","href":"https:\/\/api.w.org\/{rel}","templated":true}]}}