{"id":2308,"date":"2020-10-01T14:07:49","date_gmt":"2020-10-01T12:07:49","guid":{"rendered":"https:\/\/dev.gemcoengineering.it\/privacy-policy\/"},"modified":"2023-06-12T10:01:17","modified_gmt":"2023-06-12T08:01:17","slug":"politica-de-privacidad","status":"publish","type":"page","link":"https:\/\/www.gemcoengineering.it\/es\/politica-de-privacidad\/","title":{"rendered":"Pol\u00edtica de privacidad"},"content":{"rendered":"<div style=\"padding-top: 80px; padding-bottom: 60px;\">\n<h3>Informaci\u00f3n proporcionada de conformidad con el art\u00edculo 13 del Reglamento de la UE. 2016\/679 (en adelante RGPD)<\/h3>\n<h4>Informaci\u00f3n general<\/h4>\n<p>Informamos a los interesados (como se menciona en el Art.4, p\u00e1rrafo 1 del RGPD) de los siguientes perfiles generales, efectivos para todos los campos de tratamiento:<\/p>\n<ul>\n<li>todos los datos se procesan de manera l\u00edcita, correcta y transparente con respecto al interesado, de conformidad con los principios generales establecidos en el art\u00edculo 5 del RGPD<\/li>\n<li>se aplican medidas de seguridad espec\u00edficas para evitar la p\u00e9rdida de datos, su uso il\u00edcito o incorrecto y accesos no autorizados<\/li>\n<\/ul>\n<h4>Referencias y derechos de los sujetos interesados<\/h4>\n<ul>\n<li>El Titular del tratamiento es el abajo firmante GEMCO Srl, representado por su representante legal pro-tempore, a quien puede dirigirse para ejercer todos los derechos establecidos en el art. 15-21 del RGPD (derecho de acceso, rectificaci\u00f3n, cancelaci\u00f3n, limitaci\u00f3n, portabilidad, oposici\u00f3n), y revocar un consentimiento previamente acordado; en caso de falta de respuesta a sus solicitudes, los interesados pueden presentar una queja ante la Autoridad Italiana de Protecci\u00f3n de Datos (RGPD- Art.13, p\u00e1rrafo 2, letra d).<\/li>\n<\/ul>\n<h4>Datos de contacto del responsable del tratamiento<\/h4>\n<p>Direcci\u00f3n: Via Borghetto, 2\/i &#8211; 29121 Piacenza (PC) Italia<br \/>\nTel\u00e9fono:<a href=\"tel:+3905231903456\"> +39 0523 1903456<\/a> \u2013 Correo electr\u00f3nico: <a href=\"mailto:info@gemcoengineering.it\">info@gemcoengineering.it<\/a><\/p>\n<p>&nbsp;<\/p>\n<h4>Datos de navegaci\u00f3n<\/h4>\n<p>Los sistemas inform\u00e1ticos y los procedimientos software utilizados para el funcionamiento de este sitio web adquieren, durante su normal funcionamiento, algunos datos de car\u00e1cter personal cuya transmisi\u00f3n est\u00e1 impl\u00edcita en el uso de los protocolos de comunicaci\u00f3n de Internet. Esta informaci\u00f3n no es recolectada para ser asociada con sujetos involucrados identificados, pero por su naturaleza podr\u00edan, a trav\u00e9s del procesamiento y asociaci\u00f3n con datos en poder de terceros, permitir la identificaci\u00f3n de los usuarios. En esta categor\u00eda de datos se incluyen direcciones IP o nombres de dominio de las computadoras utilizadas por los usuarios que se conectan al sitio, las direcciones en notaci\u00f3n URI (Uniform Resource Identifier) de los recursos solicitados, la hora de la solicitud, el m\u00e9todo utilizado para enviar la solicitud al servidor , el tama\u00f1o del archivo obtenido como respuesta, el c\u00f3digo num\u00e9rico que indica el estado de la respuesta dada por el servidor (correcto, error, etc.) y otros par\u00e1metros relacionados con el sistema operativo y el entorno inform\u00e1tico de los usuarios.<\/p>\n<table>\n<tbody>\n<tr>\n<td><strong>Finalidad y base jur\u00eddica del tratamiento<\/strong><br \/>\n(RGPD-Art.13,p\u00e1rrafo 1, letra c)<\/td>\n<td>Estos datos se utilizan \u00fanicamente para obtener informaci\u00f3n estad\u00edstica sobre el uso del sitio web y para comprobar su correcto funcionamiento. Los datos tambi\u00e9n podr\u00edan utilizarse para determinar responsabilidades en caso de posibles delitos inform\u00e1ticos contra el sitio web (intereses leg\u00edtimos del responsable del tratamiento).<\/td>\n<\/tr>\n<tr>\n<td><strong>\u00c1mbito de comunicaci\u00f3n<\/strong><br \/>\n(RGPD-Art.13, p\u00e1rrafo 1, letras e,f)<\/td>\n<td>Los datos podr\u00e1n ser tratados exclusivamente por personal interno, debidamente autorizado y formado para el tratamiento (RGPD-Art.29) o por cualquier persona encargada del mantenimiento de la plataforma web (en este caso gestores externos) y no ser\u00e1n comunicados a otros sujetos, divulgados o transferidos a pa\u00edses no pertenecientes a la UE. S\u00f3lo en caso de investigaci\u00f3n se pondr\u00e1n a disposici\u00f3n de las autoridades competentes.<\/td>\n<\/tr>\n<tr>\n<td><strong>Periodo de conservaci\u00f3n de los datos<\/strong><br \/>\n(RGPD-Art.13, p\u00e1rrafo 12, letra a)<\/td>\n<td>Los datos se almacenan normalmente durante periodos cortos de tiempo, a excepci\u00f3n de posibles pr\u00f3rrogas relacionadas con actividades de investigaci\u00f3n.<\/td>\n<\/tr>\n<tr>\n<td><strong>Tratamiento<\/strong><br \/>\n(RGPD-Art.13, p\u00e1rrafo12, letra .f)<\/td>\n<td>Los datos no son proporcionados por el interesado, sino adquiridos autom\u00e1ticamente por los sistemas tecnol\u00f3gicos del sitio.<\/td>\n<\/tr>\n<\/tbody>\n<\/table>\n<h4>Cookies<\/h4>\n<p>Qu\u00e9 son: Las cookies son peque\u00f1os fragmentos de texto (letras y\/o n\u00fameros) que permiten al servidor web almacenar informaci\u00f3n sobre el cliente (el navegador) para reutilizarla durante esa visita al sitio web (cookies de sesi\u00f3n) o posteriormente, incluso pasados varios d\u00edas (cookies persistentes). Las cookies son almacenadas, en funci\u00f3n de las preferencias del usuario, por el navegador individual en el dispositivo espec\u00edfico utilizado (ordenador, tableta, smartphone). Tecnolog\u00edas similares, como, por ejemplo, las balizas web, los GIF transparentes y todas las formas de almacenamiento local introducidas con HTML5, pueden utilizarse para recopilar informaci\u00f3n sobre el comportamiento del usuario y el uso de los servicios. En esta declaraci\u00f3n nos referiremos a las cookies y a todas las tecnolog\u00edas similares utilizando simplemente la palabra &#8220;cookie&#8221;.<\/p>\n<p>&nbsp;<\/p>\n<h4>Posibles tipos de cookies de origen y m\u00e9todos de gesti\u00f3n de preferencias<\/h4>\n<table>\n<tbody>\n<tr>\n<th>CATEGOR\u00cdA<\/th>\n<th>FINALIDAD<\/th>\n<th>GESTI\u00d3N DE PREFERENCIAS<\/th>\n<\/tr>\n<tr>\n<td><strong>Cookies t\u00e9cnicas de navegaci\u00f3n o de sesi\u00f3n<\/strong><\/td>\n<td>Garantizar la navegaci\u00f3n web normal y el uso del sitio<\/td>\n<td rowspan=\"4\">A trav\u00e9s de los principales navegadores web, es posible:<\/p>\n<ul>\n<li>Bloquear la recepci\u00f3n de todos (o algunos) tipos de cookies por defecto<\/li>\n<li>Ver la lista anal\u00edtica de las cookies utilizadas<\/li>\n<li>Eliminar todas o algunas de las cookies instaladas<\/li>\n<\/ul>\n<p>Para obtener informaci\u00f3n sobre la configuraci\u00f3n de los distintos navegadores, consulte el apartado correspondiente. Tenga en cuenta que bloquear o eliminar las cookies puede comprometer la navegaci\u00f3n y la funcionalidad del sitio web.<\/td>\n<\/tr>\n<tr>\n<td><strong>Cookies t\u00e9cnico-anal\u00edticas <\/strong><\/td>\n<td>Recopilan informaci\u00f3n sobre el n\u00famero de visitantes y las p\u00e1ginas visitadas.<\/td>\n<\/tr>\n<tr>\n<td><strong>Cookies t\u00e9cnico-funcionales <\/strong><\/td>\n<td>Permiten la navegaci\u00f3n en funci\u00f3n de criterios seleccionados<\/td>\n<\/tr>\n<tr>\n<td><strong>Cookies de elaboraci\u00f3n de perfiles<\/strong><\/td>\n<td>Crear perfiles de usuario para enviar mensajes publicitarios en funci\u00f3n de las preferencias expresadas<\/td>\n<\/tr>\n<\/tbody>\n<\/table>\n<h4>Gesti\u00f3n de preferencias para las cookies de origen<\/h4>\n<p id=\"matomo_opted_out_intro\" style=\"display:none;\">Opt-out complete; your visits to this website will not be recorded by the Web Analytics tool. Note that if you clear your cookies, delete the opt-out cookie, or if you change computers or Web browsers, you will need to perform the opt-out procedure again.<\/p><p id=\"matomo_opted_in_intro\" >You may choose to prevent this website from aggregating and analyzing the actions you take here. Doing so will protect your privacy, but will also prevent the owner from learning from your actions and creating a better experience for you and other users.<\/p><form>\n        <input type=\"checkbox\" id=\"matomo_optout_checkbox\" checked=\"checked\"\/>\n        <label for=\"matomo_optout_checkbox\"><strong>\n        <span id=\"matomo_opted_in_label\" >You are not opted out. Uncheck this box to opt-out.<\/span>\n\t\t<span id=\"matomo_opted_out_label\" style=\"display:none;\">You are currently opted out. Check this box to opt-in.<\/span>\n        <\/strong><\/label><\/form><noscript><p><strong style=\"color: #ff0000;\">This opt out feature requires JavaScript.<\/strong><\/p><\/noscript><p id=\"matomo_outout_err_cookies\" style=\"display: none;\"><strong>The tracking opt-out feature requires cookies to be enabled.<\/strong><\/p>\n<h4><\/h4>\n<h4>Gesti\u00f3n de preferencias a trav\u00e9s de los principales navegadores<\/h4>\n<p>El usuario puede decidir si acepta o no las cookies mediante la configuraci\u00f3n de su navegador (se\u00f1alamos que, por defecto, casi todos los navegadores web est\u00e1n configurados para aceptar cookies autom\u00e1ticamente). La configuraci\u00f3n puede modificarse y definirse espec\u00edficamente para diferentes sitios y aplicaciones web. Adem\u00e1s, los mejores navegadores permiten definir ajustes diferentes para las cookies &#8220;propias&#8221; y &#8220;de terceros&#8221;. Normalmente, la configuraci\u00f3n de las cookies se realiza desde el men\u00fa &#8220;Preferencias&#8221;, &#8220;Herramientas&#8221; u &#8220;Opciones&#8221;.<br \/>\nA continuaci\u00f3n encontrar\u00e1 una lista de enlaces a gu\u00edas para gestionar las cookies en los principales navegadores:<\/p>\n<ul>\n<li>Internet Explorer: <a href=\"http:\/\/support.microsoft.com\/kb\/278835\" target=\"_blank\" rel=\"noopener noreferrer\">http:\/\/support.microsoft.com\/kb\/278835<\/a><\/li>\n<li>Internet Explorer [versione mobile]: <a href=\"http:\/\/www.windowsphone.com\/en-us\/how-to\/wp7\/web\/changing-privacy-and-other-browser-settings\" target=\"_blank\" rel=\"noopener noreferrer\">http:\/\/www.windowsphone.com\/en-us\/how-to\/wp7\/web\/changing-privacy-and-other-browser-settings<\/a><\/li>\n<li>Chrome: <a href=\"http:\/\/support.google.com\/chrome\/bin\/answer.py?hl=en-GB&amp;answer=95647\" target=\"_blank\" rel=\"noopener noreferrer\">http:\/\/support.google.com\/chrome\/bin\/answer.py?hl=en-GB&amp;answer=95647<\/a><\/li>\n<li>Safari: <a href=\"http:\/\/docs.info.apple.com\/article.html?path=Safari\/5.0\/en\/9277.html\" target=\"_blank\" rel=\"noopener noreferrer\">http:\/\/docs.info.apple.com\/article.html?path=Safari\/5.0\/en\/9277.html<\/a><\/li>\n<li>Safari [versione mobile]: <a href=\"http:\/\/support.apple.com\/kb\/HT1677\" target=\"_blank\" rel=\"noopener noreferrer\">http:\/\/support.apple.com\/kb\/HT1677<\/a><\/li>\n<li>Firefox: <a href=\"http:\/\/support.mozilla.org\/en-US\/kb\/Enabling%20and%20disabling%20cookies\" target=\"_blank\" rel=\"noopener noreferrer\">http:\/\/support.mozilla.org\/en-US\/kb\/Enabling%20and%20disabling%20cookies<\/a><\/li>\n<li>Android: <a href=\"https:\/\/support.google.com\/accounts\/answer\/61416?co=GENIE.Platform%3DAndroid&amp;hl=en\" target=\"_blank\" rel=\"noopener noreferrer\">https:\/\/support.google.com\/accounts\/answer\/61416?co=GENIE.Platform%3DAndroid&amp;hl=en<\/a><\/li>\n<li>Opera: <a href=\"http:\/\/help.opera.com\/opera\/Windows\/1781\/it\/controlPages.html#manageCookies\" target=\"_blank\" rel=\"noopener noreferrer\">http:\/\/help.opera.com\/opera\/Windows\/1781\/it\/controlPages.html#manageCookies<\/a><\/li>\n<\/ul>\n<p>&nbsp;<\/p>\n<h4>Para m\u00e1s informaci\u00f3n<\/h4>\n<ul>\n<li><a href=\"http:\/\/www.allaboutcookies.org\/\" target=\"_blank\" rel=\"noopener noreferrer\">www.allaboutcookies.org<\/a> (para m\u00e1s informaci\u00f3n sobre las tecnolog\u00edas de cookies y su funcionamiento)<\/li>\n<li><a href=\"http:\/\/www.youronlinechoices.com\/it\/a-proposito\" target=\"_blank\" rel=\"noopener noreferrer\">www.youronlinechoices.com\/it\/a-proposito<\/a> (permite a los usuarios oponerse a la instalaci\u00f3n de las principales cookies de elaboraci\u00f3n de perfiles)<\/li>\n<li><a href=\"http:\/\/www.garanteprivacy.it\/cookie\" target=\"_blank\" rel=\"noopener noreferrer\">www.garanteprivacy.it\/cookie<\/a> (recopilaci\u00f3n de las principales intervenciones normativas en la materia por parte de la Autoridad Italiana de Protecci\u00f3n de Datos)<\/li>\n<\/ul>\n<p>Para obtener m\u00e1s informaci\u00f3n o para ejercer los derechos establecidos en los art\u00edculos 15 a 22 del Reglamento Europeo de Privacidad n. 679\/16, puede ponerse en contacto con el Responsable del Tratamiento utilizando los contactos del sitio web.<\/p>\n<p>&nbsp;<\/p>\n<h4>Servicios espec\u00edficos<\/h4>\n<p>El sitio web puede contener formularios de recogida de datos con el fin de garantizar al usuario servicios\/funcionalidades (por ejemplo: solicitud de informaci\u00f3n, inscripciones, etc.).<\/p>\n<table>\n<tbody>\n<tr>\n<td><strong>Finalidad y base jur\u00eddica del tratamiento<\/strong><br \/>\n(RGPD-Art.13, p\u00e1rrafo 1, letra .c)<\/td>\n<td>\u00a0Los datos de identificaci\u00f3n y contacto son necesarios para responder a las necesidades de los interesados. El env\u00edo de la solicitud est\u00e1 sujeto al consentimiento espec\u00edfico, libre e informado (RGPD-Art.6, p\u00e1rrafo 1, letra a).<\/td>\n<\/tr>\n<tr>\n<td><strong>\u00c1mbito de comunicaci\u00f3n<\/strong><br \/>\n(RGPD-Art.13, p\u00e1rrafo 1, letras e,f)<\/td>\n<td>\u00a0Los datos son tratados exclusivamente por personal debidamente autorizado y formado (GDPR-Art.29) o por personas encargadas del mantenimiento de la plataforma web o de la prestaci\u00f3n del servicio (en este caso gestores externos). Los datos no se divulgar\u00e1n ni transferir\u00e1n a pa\u00edses no pertenecientes a la UE.<\/td>\n<\/tr>\n<tr>\n<td><strong>Periodo de conservaci\u00f3n de los datos<\/strong><br \/>\n(RGPD-Art.13, coma 2, lett.a)<\/td>\n<td>Los datos se conservan durante un tiempo compatible con la finalidad de la recogida.<\/td>\n<\/tr>\n<tr>\n<td><strong>Disposici\u00f3n<\/strong><br \/>\n(RGPD-Art.13, p\u00e1rrafo 2, letra f) Los datos no son proporcionados por la parte implicada sino adquiridos autom\u00e1ticamente por los sistemas tecnol\u00f3gicos del sitio.<\/td>\n<td>El suministro de los datos mencionados en los campos obligatorios es necesario para obtener una respuesta, mientras que los campos opcionales tienen la finalidad de proporcionar al personal otros elementos \u00fatiles para facilitar el contacto.<\/td>\n<\/tr>\n<\/tbody>\n<\/table>\n<p>&nbsp;<\/p>\n<h4>Datos facilitados voluntariamente por el usuario<\/h4>\n<p>El env\u00edo facultativo, expl\u00edcito y voluntario de correo electr\u00f3nico y\/u ordinario a las direcciones de este sitio web provoca la consiguiente adquisici\u00f3n de la direcci\u00f3n del remitente, necesaria para responder a las solicitudes, as\u00ed como de cualquier otro dato personal incluido en el mensaje. Si el remitente env\u00eda su propio curr\u00edculum para presentar su candidatura profesional, ser\u00e1 es el \u00fanico responsable de la pertinencia y exactitud de los datos enviados. Por favor, tenga en cuenta que cualquier curr\u00edculum que no cuente con la autorizaci\u00f3n para procesar los datos ser\u00e1 inmediatamente cancelado.<\/p>\n<p>&nbsp;<\/p>\n<h4>Actualizaci\u00f3n de la pol\u00edtica<\/h4>\n<p>Tenga en cuenta que esta divulgaci\u00f3n puede ser objeto de revisi\u00f3n peri\u00f3dica, tambi\u00e9n en relaci\u00f3n con la legislaci\u00f3n y la jurisprudencia pertinentes. En caso de cambios significativos, se dejar\u00e1 constancia de ello en la p\u00e1gina de inicio del sitio web durante un plazo razonable. No obstante, se invita a los sujetos implicados a consultar peri\u00f3dicamente esta pol\u00edtica.<\/p>\n<hr class=\"no_line\" style=\"margin: 0 auto 50px;\" \/>\n<hr class=\"no_line\" style=\"margin: 0 auto 50px;\" \/>\n<\/div>\n","protected":false},"excerpt":{"rendered":"<p>Informaci\u00f3n proporcionada de conformidad con el art\u00edculo 13 del Reglamento de la UE. 2016\/679 (en adelante RGPD) Informaci\u00f3n general Informamos a los interesados (como se menciona<span class=\"excerpt-hellip\"> [\u2026]<\/span><\/p>\n","protected":false},"author":1,"featured_media":0,"parent":0,"menu_order":0,"comment_status":"closed","ping_status":"closed","template":"","meta":[],"yoast_head":"<!-- This site is optimized with the Yoast SEO plugin v19.14 - https:\/\/yoast.com\/wordpress\/plugins\/seo\/ -->\n<title>Pol\u00edtica de privacidad - Gemco<\/title>\n<meta name=\"robots\" content=\"index, follow, max-snippet:-1, max-image-preview:large, max-video-preview:-1\" \/>\n<link rel=\"canonical\" href=\"https:\/\/www.gemcoengineering.it\/es\/politica-de-privacidad\/\" \/>\n<meta property=\"og:locale\" content=\"es_ES\" \/>\n<meta property=\"og:type\" content=\"article\" \/>\n<meta property=\"og:title\" content=\"Pol\u00edtica de privacidad - Gemco\" \/>\n<meta property=\"og:description\" content=\"Informaci\u00f3n proporcionada de conformidad con el art\u00edculo 13 del Reglamento de la UE. 2016\/679 (en adelante RGPD) Informaci\u00f3n general Informamos a los interesados (como se menciona [\u2026]\" \/>\n<meta property=\"og:url\" content=\"https:\/\/www.gemcoengineering.it\/es\/politica-de-privacidad\/\" \/>\n<meta property=\"og:site_name\" content=\"Gemco\" \/>\n<meta property=\"article:modified_time\" content=\"2023-06-12T08:01:17+00:00\" \/>\n<meta name=\"twitter:card\" content=\"summary_large_image\" \/>\n<meta name=\"twitter:label1\" content=\"Tiempo de lectura\" \/>\n\t<meta name=\"twitter:data1\" content=\"7 minutos\" \/>\n<script type=\"application\/ld+json\" class=\"yoast-schema-graph\">{\"@context\":\"https:\/\/schema.org\",\"@graph\":[{\"@type\":\"WebPage\",\"@id\":\"https:\/\/www.gemcoengineering.it\/es\/politica-de-privacidad\/\",\"url\":\"https:\/\/www.gemcoengineering.it\/es\/politica-de-privacidad\/\",\"name\":\"Pol\u00edtica de privacidad - Gemco\",\"isPartOf\":{\"@id\":\"https:\/\/www.gemcoengineering.it\/#website\"},\"datePublished\":\"2020-10-01T12:07:49+00:00\",\"dateModified\":\"2023-06-12T08:01:17+00:00\",\"breadcrumb\":{\"@id\":\"https:\/\/www.gemcoengineering.it\/es\/politica-de-privacidad\/#breadcrumb\"},\"inLanguage\":\"es\",\"potentialAction\":[{\"@type\":\"ReadAction\",\"target\":[\"https:\/\/www.gemcoengineering.it\/es\/politica-de-privacidad\/\"]}]},{\"@type\":\"BreadcrumbList\",\"@id\":\"https:\/\/www.gemcoengineering.it\/es\/politica-de-privacidad\/#breadcrumb\",\"itemListElement\":[{\"@type\":\"ListItem\",\"position\":1,\"name\":\"Home\",\"item\":\"https:\/\/www.gemcoengineering.it\/es\/\"},{\"@type\":\"ListItem\",\"position\":2,\"name\":\"Pol\u00edtica de privacidad\"}]},{\"@type\":\"WebSite\",\"@id\":\"https:\/\/www.gemcoengineering.it\/#website\",\"url\":\"https:\/\/www.gemcoengineering.it\/\",\"name\":\"Gemco Engineering\",\"description\":\"Engineering Solution\",\"publisher\":{\"@id\":\"https:\/\/www.gemcoengineering.it\/#organization\"},\"potentialAction\":[{\"@type\":\"SearchAction\",\"target\":{\"@type\":\"EntryPoint\",\"urlTemplate\":\"https:\/\/www.gemcoengineering.it\/?s={search_term_string}\"},\"query-input\":\"required name=search_term_string\"}],\"inLanguage\":\"es\"},{\"@type\":\"Organization\",\"@id\":\"https:\/\/www.gemcoengineering.it\/#organization\",\"name\":\"Gemco Engineering\",\"url\":\"https:\/\/www.gemcoengineering.it\/\",\"logo\":{\"@type\":\"ImageObject\",\"inLanguage\":\"es\",\"@id\":\"https:\/\/www.gemcoengineering.it\/#\/schema\/logo\/image\/\",\"url\":\"https:\/\/www.gemcoengineering.it\/wp-content\/uploads\/2020\/10\/Logo-Gemco.png\",\"contentUrl\":\"https:\/\/www.gemcoengineering.it\/wp-content\/uploads\/2020\/10\/Logo-Gemco.png\",\"width\":300,\"height\":87,\"caption\":\"Gemco Engineering\"},\"image\":{\"@id\":\"https:\/\/www.gemcoengineering.it\/#\/schema\/logo\/image\/\"}}]}<\/script>\n<!-- \/ Yoast SEO plugin. -->","yoast_head_json":{"title":"Pol\u00edtica de privacidad - Gemco","robots":{"index":"index","follow":"follow","max-snippet":"max-snippet:-1","max-image-preview":"max-image-preview:large","max-video-preview":"max-video-preview:-1"},"canonical":"https:\/\/www.gemcoengineering.it\/es\/politica-de-privacidad\/","og_locale":"es_ES","og_type":"article","og_title":"Pol\u00edtica de privacidad - Gemco","og_description":"Informaci\u00f3n proporcionada de conformidad con el art\u00edculo 13 del Reglamento de la UE. 2016\/679 (en adelante RGPD) Informaci\u00f3n general Informamos a los interesados (como se menciona [\u2026]","og_url":"https:\/\/www.gemcoengineering.it\/es\/politica-de-privacidad\/","og_site_name":"Gemco","article_modified_time":"2023-06-12T08:01:17+00:00","twitter_card":"summary_large_image","twitter_misc":{"Tiempo de lectura":"7 minutos"},"schema":{"@context":"https:\/\/schema.org","@graph":[{"@type":"WebPage","@id":"https:\/\/www.gemcoengineering.it\/es\/politica-de-privacidad\/","url":"https:\/\/www.gemcoengineering.it\/es\/politica-de-privacidad\/","name":"Pol\u00edtica de privacidad - Gemco","isPartOf":{"@id":"https:\/\/www.gemcoengineering.it\/#website"},"datePublished":"2020-10-01T12:07:49+00:00","dateModified":"2023-06-12T08:01:17+00:00","breadcrumb":{"@id":"https:\/\/www.gemcoengineering.it\/es\/politica-de-privacidad\/#breadcrumb"},"inLanguage":"es","potentialAction":[{"@type":"ReadAction","target":["https:\/\/www.gemcoengineering.it\/es\/politica-de-privacidad\/"]}]},{"@type":"BreadcrumbList","@id":"https:\/\/www.gemcoengineering.it\/es\/politica-de-privacidad\/#breadcrumb","itemListElement":[{"@type":"ListItem","position":1,"name":"Home","item":"https:\/\/www.gemcoengineering.it\/es\/"},{"@type":"ListItem","position":2,"name":"Pol\u00edtica de privacidad"}]},{"@type":"WebSite","@id":"https:\/\/www.gemcoengineering.it\/#website","url":"https:\/\/www.gemcoengineering.it\/","name":"Gemco Engineering","description":"Engineering Solution","publisher":{"@id":"https:\/\/www.gemcoengineering.it\/#organization"},"potentialAction":[{"@type":"SearchAction","target":{"@type":"EntryPoint","urlTemplate":"https:\/\/www.gemcoengineering.it\/?s={search_term_string}"},"query-input":"required name=search_term_string"}],"inLanguage":"es"},{"@type":"Organization","@id":"https:\/\/www.gemcoengineering.it\/#organization","name":"Gemco Engineering","url":"https:\/\/www.gemcoengineering.it\/","logo":{"@type":"ImageObject","inLanguage":"es","@id":"https:\/\/www.gemcoengineering.it\/#\/schema\/logo\/image\/","url":"https:\/\/www.gemcoengineering.it\/wp-content\/uploads\/2020\/10\/Logo-Gemco.png","contentUrl":"https:\/\/www.gemcoengineering.it\/wp-content\/uploads\/2020\/10\/Logo-Gemco.png","width":300,"height":87,"caption":"Gemco Engineering"},"image":{"@id":"https:\/\/www.gemcoengineering.it\/#\/schema\/logo\/image\/"}}]}},"_links":{"self":[{"href":"https:\/\/www.gemcoengineering.it\/es\/wp-json\/wp\/v2\/pages\/2308"}],"collection":[{"href":"https:\/\/www.gemcoengineering.it\/es\/wp-json\/wp\/v2\/pages"}],"about":[{"href":"https:\/\/www.gemcoengineering.it\/es\/wp-json\/wp\/v2\/types\/page"}],"author":[{"embeddable":true,"href":"https:\/\/www.gemcoengineering.it\/es\/wp-json\/wp\/v2\/users\/1"}],"replies":[{"embeddable":true,"href":"https:\/\/www.gemcoengineering.it\/es\/wp-json\/wp\/v2\/comments?post=2308"}],"version-history":[{"count":5,"href":"https:\/\/www.gemcoengineering.it\/es\/wp-json\/wp\/v2\/pages\/2308\/revisions"}],"predecessor-version":[{"id":2572,"href":"https:\/\/www.gemcoengineering.it\/es\/wp-json\/wp\/v2\/pages\/2308\/revisions\/2572"}],"wp:attachment":[{"href":"https:\/\/www.gemcoengineering.it\/es\/wp-json\/wp\/v2\/media?parent=2308"}],"curies":[{"name":"wp","href":"https:\/\/api.w.org\/{rel}","templated":true}]}}