{"id":2304,"date":"2017-06-28T17:24:25","date_gmt":"2017-06-28T15:24:25","guid":{"rendered":"https:\/\/dev.gemcoengineering.it\/cookie-policy\/"},"modified":"2023-06-12T10:12:03","modified_gmt":"2023-06-12T08:12:03","slug":"politica-de-cookies","status":"publish","type":"page","link":"https:\/\/www.gemcoengineering.it\/es\/politica-de-cookies\/","title":{"rendered":"Pol\u00edtica de cookies"},"content":{"rendered":"<div style=\"padding-top: 80px; padding-bottom: 100px;\">\n<h3>Pol\u00edtica de cookies<\/h3>\n<p>1. \u00bfQu\u00e9 son las cookies?<\/p>\n<p>Las cookies son peque\u00f1os archivos de texto que los sitios visitados por los usuarios env\u00edan a sus terminales, donde se almacenan antes de ser retransmitidos a los mismos sitios en su pr\u00f3xima visita. Las cookies de los llamados &#8220;terceros&#8221; son, en cambio, establecidas por otro sitio web que el que est\u00e1 visitando el usuario. Esto se debe a que cada sitio puede presentar elementos (im\u00e1genes, mapas, sonidos, enlaces espec\u00edficos a p\u00e1ginas web en otros dominios, etc.) que residen en servidores diferentes al sitio visitado.<\/p>\n<p>2. \u00bfPara qu\u00e9 se utilizan las cookies?<\/p>\n<p>Las cookies se utilizan con diferentes finalidades: ejecuci\u00f3n de informaci\u00f3n de autenticaci\u00f3n, seguimiento de sesiones, almacenamiento de informaci\u00f3n sobre configuraciones espec\u00edficas de los usuarios que acceden al servidor, almacenamiento de preferencias, etc.<\/p>\n<p>3. \u00bfQu\u00e9 son las cookies \u201ct\u00e9cnicas\u201d?<\/p>\n<p>Son cookies utilizadas para que la navegaci\u00f3n o la prestaci\u00f3n de un servicio solicitado por el usuario. No se utilizan para otros fines y normalmente los instala el propietario del sitio web.<\/p>\n<p>Sin el uso de estas cookies, es posible que algunas operaciones no se realicen o ser\u00edan m\u00e1s complejas y\/o menos seguras, como las actividades de home banking (visualizaci\u00f3n del estado de cuenta, operaciones bancarias, pago de recibos, etc.), para las que estas cookies, que permiten identificar y mantener la sesi\u00f3n del usuario, son indispensables.<\/p>\n<p>4. \u00bfLas cookies de Analytics son cookies \u201ct\u00e9cnicas\u201d?<\/p>\n<p>No. El Garante (v\u00e9ase la medida del 8 de mayo de 2014) ha dictaminado que solo pueden tratarse como cookies t\u00e9cnicas si se utilizan para la optimizaci\u00f3n del sitio por parte del propietario del sitio, que puede recopilar informaci\u00f3n agregada sobre la cantidad de usuarios y c\u00f3mo visitan el sitio. Bajo estas condiciones, para las cookies de Analytics est\u00e1n en vigor las mismas reglas, con respecto a la divulgaci\u00f3n y el consentimiento, previstas para las cookies t\u00e9cnicas.<\/p>\n<p>5. \u00bfQu\u00e9 son las cookies de &#8220;elaboraci\u00f3n de perfiles&#8221;?<\/p>\n<p>Son cookies utilizadas para seguir el movimiento del usuario en la red y elaborar perfiles sobre sus gustos, h\u00e1bitos, elecciones, etc. A trav\u00e9s de estas cookies, se pueden transmitir mensajes publicitarios finales al usuario en l\u00ednea con las preferencias ya expresadas por el mismo durante su navegaci\u00f3n por Internet.<\/p>\n<p>6. \u00bfEs necesario el consentimiento del usuario para la instalaci\u00f3n de cookies en su terminal?<\/p>\n<p>Depende de la finalidad para la que se utilicen las cookies y, por tanto, si las cookies son \u201ct\u00e9cnicas\u201d o de \u201celaboraci\u00f3n de perfiles\u201d.<\/p>\n<p>Para la instalaci\u00f3n de cookies t\u00e9cnicas no se requiere el consentimiento de los usuarios, si bien es obligatorio dar el informativo (art. 13 del C\u00f3digo de Privacidad). Las cookies de perfil, en cambio,s\u00f3lo pueden instalarse en el terminal del usuario si \u00e9ste ha dado su consentimiento tras haber sido informado de una comprensi\u00f3n simplificada.<\/p>\n<h4>Tipos de cookies que utilizamos<\/h4>\n<p style=\"font-weight: bold; margin: 0 0 5px 0;\">Cookies necesarias<\/p>\n<p>Estas cookies son esenciales para permitir a los usuarios moverse por el sitio y hacer pleno uso de sus caracter\u00edsticas, tales como el acceso a las diversas \u00e1reas protegidas del sitio. Sin estas cookies, algunos servicios necesarios , como rellenar un formulario para un concurso , no pueden disfrutarse.<\/p>\n<p style=\"font-weight: bold; margin: 0 0 5px 0;\">Cookie de rendimiento<\/p>\n<p>Estas cookies recogen informaci\u00f3n sobre c\u00f3mo los visitantes utilizan un sitio web , por ejemplo , cu\u00e1les son las p\u00e1ginas m\u00e1s visitadas , si recibe mensajes de error de las p\u00e1ginas web . Estas cookies no recogen informaci\u00f3n que identifique a un visitante. Toda la informaci\u00f3n recogida a trav\u00e9s de las cookies es agregada y por lo tanto an\u00f3nima . S\u00f3lo se utilizan para mejorar el rendimiento de un sitio web .<br \/>\nAl utilizar nuestro sitio web , usted acepta que estas cookies se pueden instalar en su dispositivo.<br \/>\nLas cookies de rendimiento utilizadas en nuestro sitio son las cookies _pk_ses y _pk_id Analytics.<\/p>\n<table>\n<tbody>\n<tr>\n<td>Nombre de la cookie<\/td>\n<td>Caducidad<\/td>\n<td>Descripci\u00f3n<\/td>\n<\/tr>\n<tr>\n<td>_pk_ses<\/td>\n<td>30 minutos<\/td>\n<td>Cookies de corta duraci\u00f3n utilizadas para almacenar temporalmente datos de la visita. Cookie propia (almacenada en nuestros servidores de acuerdo con el RGPD), gestionada a trav\u00e9s de Matomo.<\/td>\n<\/tr>\n<tr>\n<td>_pk_id<\/td>\n<td>1 a\u00f1o 27 d\u00edas<\/td>\n<td>Se utiliza para almacenar algunos detalles sobre el usuario, como la identificaci\u00f3n \u00fanica del visitante. Cookie propia (almacenada en nuestros servidores de acuerdo con el RGPD), gestionada a trav\u00e9s de Matomo.<\/td>\n<\/tr>\n<\/tbody>\n<\/table>\n<p>Puede evitar la detecci\u00f3n por parte de Google de una cookie generada como resultado de (y relacionada con) su uso de este sitio web (incluida su direcci\u00f3n IP ) y el tratamiento de dichos datos descargando e instalando este plugin para el navegador: <a href=\"https:\/\/tools.google.com\/dlpage\/gaoptout\">https:\/\/tools.google.com\/dlpage\/gaoptout<\/a><\/p>\n<p>&nbsp;<\/p>\n<p style=\"font-weight: bold; margin: 0 0 5px 0;\">Cookies de funcionalidad<\/p>\n<p>Estas cookies permiten al sitio recordar las elecciones realizadas por el usuario (como el nombre, el idioma o la regi\u00f3n de origen) y proporcionar funciones personalizadas avanzadas. Estas cookies tambi\u00e9n pueden utilizarse para recordar cambios en el tama\u00f1o del texto , la fuente y otras partes de las p\u00e1ginas web que el usuario puede personalizar. Tambi\u00e9n pueden utilizarse para proporcionar servicios que usted haya solicitado, como ver un v\u00eddeo o comentar en un blog. La informaci\u00f3n recopilada a partir de este tipo de cookies puede hacerse an\u00f3nima y no rastrear su actividad de navegaci\u00f3n en otros sitios web.<\/p>\n<p>&nbsp;<\/p>\n<h4>C\u00f3mo bloquear las cookies<\/h4>\n<p style=\"font-weight: bold; margin: 0 0 5px 0;\">Internet Explorer<\/p>\n<ul>\n<li>Haga clic en el icono del engranaje en la parte superior derecha del navegador<\/li>\n<li>Seleccione &#8220;Opciones de Internet&#8221;, haga clic en la pesta\u00f1a &#8220;Privacidad&#8221; y luego en el bot\u00f3n &#8220;Avanzadas&#8221;.<\/li>\n<li>Marque la casilla &#8220;Anular la gesti\u00f3n autom\u00e1tica de cookies&#8221; y seleccione &#8220;Bloquear&#8221; en &#8220;Anular la gesti\u00f3n autom\u00e1tica de cookies&#8221; y en &#8220;Cookies de terceros&#8221; para desactivar sus cookies.<\/li>\n<li>A continuaci\u00f3n, haga clic en &#8220;Aceptar&#8221;.<\/li>\n<\/ul>\n<p>NOTA. Para permitir s\u00f3lo las cookies de determinados sitios, haga clic en el bot\u00f3n &#8220;Sitios&#8221;, introduzca la URL del sitio deseado y haga clic en &#8220;Permitir&#8221;.<\/p>\n<p>Para activar la funci\u00f3n &#8221; Do Not Track &#8221; , haga clic en el icono del engranaje en la parte superior derecha , seleccione &#8221; Seguridad &#8221; &gt; &#8221; Activar solicitudes Do Not Track &#8221; en el men\u00fa que aparece y haga clic en el bot\u00f3n &#8221; Activar &#8221; en la ventana que se abre.<\/p>\n<p>&nbsp;<\/p>\n<p style=\"font-weight: bold; margin: 0 0 5px 0;\">Google Chrome<\/p>\n<ul>\n<li>Haga clic en el icono de men\u00fa situado en la parte superior derecha del navegador.<\/li>\n<li>Seleccione &#8220;Configuraci\u00f3n&#8221;, haga clic en &#8220;Mostrar configuraci\u00f3n avanzada&#8221; y, a continuaci\u00f3n, en &#8220;Configuraci\u00f3n de contenido&#8221;.<\/li>\n<li>Ponga una marca junto a &#8220;Bloquear sitios para que no establezcan ning\u00fan dato&#8221; y\/o junto a &#8220;Bloquear cookies de terceros y datos de sitios&#8221;.<\/li>\n<li>A continuaci\u00f3n, haz clic en &#8220;Finalizar&#8221;.<\/li>\n<\/ul>\n<p>NOTA. Para permitir cookies s\u00f3lo de determinados sitios, haga clic en &#8220;Gestionar excepciones&#8221;, escriba la URL del sitio deseado, haga clic en &#8220;Permitir&#8221; y luego en &#8220;Finalizar&#8221;.<br \/>\nPara activar la funci\u00f3n &#8221; Do Not Track &#8220;, vuelva a &#8220;Configuraci\u00f3n&#8221; &gt; &#8220;Mostrar configuraci\u00f3n avanzada&#8221; en Chrome y ponga una marca en &#8220;Enviar una solicitud de no rastrear con su tr\u00e1fico de navegaci\u00f3n&#8221;.<\/p>\n<p>&nbsp;<\/p>\n<p style=\"font-weight: bold; margin: 0 0 5px 0;\">Firefox<\/p>\n<ul>\n<li>Haga clic en el bot\u00f3n &#8220;Men\u00fa&#8221; en la parte superior derecha en el navegador<\/li>\n<li>Seleccione &#8220;Configuraci\u00f3n&#8221;, a continuaci\u00f3n, haga clic en &#8220;Cookies&#8221; y poner el check en &#8220;energizado&#8221; en caso de que desee desactivar totalmente , o en &#8220;Activo, excluidos terceros&#8221; si desea desactivar las cookies para los sitios de terceros.<\/li>\n<\/ul>\n<p>NOTA. Para activar la funci\u00f3n &#8220;Do Not Track&#8221;, vuelva al men\u00fa &#8220;Opciones&#8221; &gt; &#8220;Privacidad&#8221; de Firefox y ponga la marca sobre la &#8220;Petici\u00f3n a los sitios de no hacer ning\u00fan rastreo&#8221;.<\/p>\n<p>&nbsp;<\/p>\n<p style=\"font-weight: bold; margin: 0 0 5px 0;\">Safari<\/p>\n<ul>\n<li>Seleccione &#8220;Preferencias&#8221; en el men\u00fa Safari situado en la parte superior izquierda del navegador.<\/li>\n<li>Seleccione &#8220;Privacidad&#8221; y, a continuaci\u00f3n, haga clic en la opci\u00f3n &#8220;Conservar para siempre&#8221;.<\/li>\n<li>\u00a0Alternativamente , si desea permitir las cookies en un solo sitio web : visite este \u00faltimo , vaya a la configuraci\u00f3n de privacidad de su navegador y seleccione la marca de verificaci\u00f3n junto a &#8220;Permitir s\u00f3lo el sitio web actual&#8221;<\/li>\n<\/ul>\n<p>NOTA. Para activar la funci\u00f3n &#8220;Do Not Track&#8221; y volver al &#8220;men\u00fa Safari&#8221; &gt; &#8220;Preferencias&#8221; &gt; &#8220;Privacidad&#8221; y poner el cheque en el &#8220;Pregunte a los sitios Web no realizar un seguimiento.<\/p>\n<p>&nbsp;<\/p>\n<p style=\"font-weight: bold; margin: 0 0 5px 0;\">Bloquear las cookies en los dispositivos m\u00f3viles Android<\/p>\n<ul>\n<li>Chrome\n<ul>\n<li>Haga clic en el bot\u00f3n &#8220;Men\u00fa&#8221; en la parte superior derecha del navegador<\/li>\n<li>Seleccione &#8220;Configuraci\u00f3n&#8221;, luego haga clic en &#8220;Configuraci\u00f3n de contenido&#8221; y quite la marca de &#8220;Aceptar cookies&#8221;.<\/li>\n<\/ul>\n<p>NOTA Para activar la funci\u00f3n &#8220;Do Not Track&#8221; en su lugar, vaya a &#8220;Configuraci\u00f3n&#8221; &gt; &#8220;Privacidad&#8221;, haga clic en el &#8220;Do Not Track&#8221; y deslice la parte superior derecha ON.<\/li>\n<li>Firefox\n<ul>\n<li>Haga clic en el bot\u00f3n &#8220;Men\u00fa&#8221; situado en la parte superior derecha del navegador.<\/li>\n<li>Selecciona &#8220;Configuraci\u00f3n&#8221;, luego haga clic en &#8220;Cookies&#8221; y pon el check en &#8220;Activado&#8221; en caso de que quieras desactivar totalmente , o en &#8220;Activo, excluidos terceros&#8221; si quieres desactivar las cookies para los sitios de terceros.<\/li>\n<\/ul>\n<\/li>\n<\/ul>\n<p>NOTA. Para activar la funci\u00f3n &#8220;Do Not Track&#8221; en su lugar, haga clic en &#8220;Seguimiento&#8221; y elegir la &#8220;Solicitud a los sitios para no hacer ning\u00fan seguimiento&#8221; de la caja que se abre.<\/p>\n<p style=\"font-weight: bold; margin: 0 0 5px 0;\">Bloquear las cookies en los dispositivos m\u00f3viles Apple<\/p>\n<ul>\n<li>Selecciona el men\u00fa &#8220;Ajustes&#8221;, que se encuentra en la pantalla de inicio de iOS<\/li>\n<li>Seleccione el icono Safari en el men\u00fa que se abre<\/li>\n<li>En &#8220;Bloquear cookies&#8221;, marca &#8220;Bloquear todo&#8221; para desactivar las cookies por completo.<\/li>\n<\/ul>\n<p>NOTA Para activar la funci\u00f3n&#8221;Do Not Track&#8221;, vuelva a los &#8220;Ajustes&#8221; &gt; &#8220;Safari&#8221; y ponga en &#8220;ON&#8221; la palanca para el elemento &#8220;no detectado&#8221;.<\/p>\n<\/div>\n","protected":false},"excerpt":{"rendered":"<p>Pol\u00edtica de cookies 1. \u00bfQu\u00e9 son las cookies? Las cookies son peque\u00f1os archivos de texto que los sitios visitados por los usuarios env\u00edan a sus terminales,<span class=\"excerpt-hellip\"> [\u2026]<\/span><\/p>\n","protected":false},"author":1,"featured_media":0,"parent":0,"menu_order":0,"comment_status":"closed","ping_status":"closed","template":"","meta":[],"yoast_head":"<!-- This site is optimized with the Yoast SEO plugin v19.14 - https:\/\/yoast.com\/wordpress\/plugins\/seo\/ -->\n<title>Pol\u00edtica de cookies - Gemco<\/title>\n<meta name=\"robots\" content=\"index, follow, max-snippet:-1, max-image-preview:large, max-video-preview:-1\" \/>\n<link rel=\"canonical\" href=\"https:\/\/www.gemcoengineering.it\/es\/politica-de-cookies\/\" \/>\n<meta property=\"og:locale\" content=\"es_ES\" \/>\n<meta property=\"og:type\" content=\"article\" \/>\n<meta property=\"og:title\" content=\"Pol\u00edtica de cookies - Gemco\" \/>\n<meta property=\"og:description\" content=\"Pol\u00edtica de cookies 1. \u00bfQu\u00e9 son las cookies? Las cookies son peque\u00f1os archivos de texto que los sitios visitados por los usuarios env\u00edan a sus terminales, [\u2026]\" \/>\n<meta property=\"og:url\" content=\"https:\/\/www.gemcoengineering.it\/es\/politica-de-cookies\/\" \/>\n<meta property=\"og:site_name\" content=\"Gemco\" \/>\n<meta property=\"article:modified_time\" content=\"2023-06-12T08:12:03+00:00\" \/>\n<meta name=\"twitter:card\" content=\"summary_large_image\" \/>\n<meta name=\"twitter:label1\" content=\"Tiempo de lectura\" \/>\n\t<meta name=\"twitter:data1\" content=\"7 minutos\" \/>\n<script type=\"application\/ld+json\" class=\"yoast-schema-graph\">{\"@context\":\"https:\/\/schema.org\",\"@graph\":[{\"@type\":\"WebPage\",\"@id\":\"https:\/\/www.gemcoengineering.it\/es\/politica-de-cookies\/\",\"url\":\"https:\/\/www.gemcoengineering.it\/es\/politica-de-cookies\/\",\"name\":\"Pol\u00edtica de cookies - Gemco\",\"isPartOf\":{\"@id\":\"https:\/\/www.gemcoengineering.it\/#website\"},\"datePublished\":\"2017-06-28T15:24:25+00:00\",\"dateModified\":\"2023-06-12T08:12:03+00:00\",\"breadcrumb\":{\"@id\":\"https:\/\/www.gemcoengineering.it\/es\/politica-de-cookies\/#breadcrumb\"},\"inLanguage\":\"es\",\"potentialAction\":[{\"@type\":\"ReadAction\",\"target\":[\"https:\/\/www.gemcoengineering.it\/es\/politica-de-cookies\/\"]}]},{\"@type\":\"BreadcrumbList\",\"@id\":\"https:\/\/www.gemcoengineering.it\/es\/politica-de-cookies\/#breadcrumb\",\"itemListElement\":[{\"@type\":\"ListItem\",\"position\":1,\"name\":\"Home\",\"item\":\"https:\/\/www.gemcoengineering.it\/es\/\"},{\"@type\":\"ListItem\",\"position\":2,\"name\":\"Pol\u00edtica de cookies\"}]},{\"@type\":\"WebSite\",\"@id\":\"https:\/\/www.gemcoengineering.it\/#website\",\"url\":\"https:\/\/www.gemcoengineering.it\/\",\"name\":\"Gemco Engineering\",\"description\":\"Engineering Solution\",\"publisher\":{\"@id\":\"https:\/\/www.gemcoengineering.it\/#organization\"},\"potentialAction\":[{\"@type\":\"SearchAction\",\"target\":{\"@type\":\"EntryPoint\",\"urlTemplate\":\"https:\/\/www.gemcoengineering.it\/?s={search_term_string}\"},\"query-input\":\"required name=search_term_string\"}],\"inLanguage\":\"es\"},{\"@type\":\"Organization\",\"@id\":\"https:\/\/www.gemcoengineering.it\/#organization\",\"name\":\"Gemco Engineering\",\"url\":\"https:\/\/www.gemcoengineering.it\/\",\"logo\":{\"@type\":\"ImageObject\",\"inLanguage\":\"es\",\"@id\":\"https:\/\/www.gemcoengineering.it\/#\/schema\/logo\/image\/\",\"url\":\"https:\/\/www.gemcoengineering.it\/wp-content\/uploads\/2020\/10\/Logo-Gemco.png\",\"contentUrl\":\"https:\/\/www.gemcoengineering.it\/wp-content\/uploads\/2020\/10\/Logo-Gemco.png\",\"width\":300,\"height\":87,\"caption\":\"Gemco Engineering\"},\"image\":{\"@id\":\"https:\/\/www.gemcoengineering.it\/#\/schema\/logo\/image\/\"}}]}<\/script>\n<!-- \/ Yoast SEO plugin. -->","yoast_head_json":{"title":"Pol\u00edtica de cookies - Gemco","robots":{"index":"index","follow":"follow","max-snippet":"max-snippet:-1","max-image-preview":"max-image-preview:large","max-video-preview":"max-video-preview:-1"},"canonical":"https:\/\/www.gemcoengineering.it\/es\/politica-de-cookies\/","og_locale":"es_ES","og_type":"article","og_title":"Pol\u00edtica de cookies - Gemco","og_description":"Pol\u00edtica de cookies 1. \u00bfQu\u00e9 son las cookies? Las cookies son peque\u00f1os archivos de texto que los sitios visitados por los usuarios env\u00edan a sus terminales, [\u2026]","og_url":"https:\/\/www.gemcoengineering.it\/es\/politica-de-cookies\/","og_site_name":"Gemco","article_modified_time":"2023-06-12T08:12:03+00:00","twitter_card":"summary_large_image","twitter_misc":{"Tiempo de lectura":"7 minutos"},"schema":{"@context":"https:\/\/schema.org","@graph":[{"@type":"WebPage","@id":"https:\/\/www.gemcoengineering.it\/es\/politica-de-cookies\/","url":"https:\/\/www.gemcoengineering.it\/es\/politica-de-cookies\/","name":"Pol\u00edtica de cookies - Gemco","isPartOf":{"@id":"https:\/\/www.gemcoengineering.it\/#website"},"datePublished":"2017-06-28T15:24:25+00:00","dateModified":"2023-06-12T08:12:03+00:00","breadcrumb":{"@id":"https:\/\/www.gemcoengineering.it\/es\/politica-de-cookies\/#breadcrumb"},"inLanguage":"es","potentialAction":[{"@type":"ReadAction","target":["https:\/\/www.gemcoengineering.it\/es\/politica-de-cookies\/"]}]},{"@type":"BreadcrumbList","@id":"https:\/\/www.gemcoengineering.it\/es\/politica-de-cookies\/#breadcrumb","itemListElement":[{"@type":"ListItem","position":1,"name":"Home","item":"https:\/\/www.gemcoengineering.it\/es\/"},{"@type":"ListItem","position":2,"name":"Pol\u00edtica de cookies"}]},{"@type":"WebSite","@id":"https:\/\/www.gemcoengineering.it\/#website","url":"https:\/\/www.gemcoengineering.it\/","name":"Gemco Engineering","description":"Engineering Solution","publisher":{"@id":"https:\/\/www.gemcoengineering.it\/#organization"},"potentialAction":[{"@type":"SearchAction","target":{"@type":"EntryPoint","urlTemplate":"https:\/\/www.gemcoengineering.it\/?s={search_term_string}"},"query-input":"required name=search_term_string"}],"inLanguage":"es"},{"@type":"Organization","@id":"https:\/\/www.gemcoengineering.it\/#organization","name":"Gemco Engineering","url":"https:\/\/www.gemcoengineering.it\/","logo":{"@type":"ImageObject","inLanguage":"es","@id":"https:\/\/www.gemcoengineering.it\/#\/schema\/logo\/image\/","url":"https:\/\/www.gemcoengineering.it\/wp-content\/uploads\/2020\/10\/Logo-Gemco.png","contentUrl":"https:\/\/www.gemcoengineering.it\/wp-content\/uploads\/2020\/10\/Logo-Gemco.png","width":300,"height":87,"caption":"Gemco Engineering"},"image":{"@id":"https:\/\/www.gemcoengineering.it\/#\/schema\/logo\/image\/"}}]}},"_links":{"self":[{"href":"https:\/\/www.gemcoengineering.it\/es\/wp-json\/wp\/v2\/pages\/2304"}],"collection":[{"href":"https:\/\/www.gemcoengineering.it\/es\/wp-json\/wp\/v2\/pages"}],"about":[{"href":"https:\/\/www.gemcoengineering.it\/es\/wp-json\/wp\/v2\/types\/page"}],"author":[{"embeddable":true,"href":"https:\/\/www.gemcoengineering.it\/es\/wp-json\/wp\/v2\/users\/1"}],"replies":[{"embeddable":true,"href":"https:\/\/www.gemcoengineering.it\/es\/wp-json\/wp\/v2\/comments?post=2304"}],"version-history":[{"count":6,"href":"https:\/\/www.gemcoengineering.it\/es\/wp-json\/wp\/v2\/pages\/2304\/revisions"}],"predecessor-version":[{"id":2573,"href":"https:\/\/www.gemcoengineering.it\/es\/wp-json\/wp\/v2\/pages\/2304\/revisions\/2573"}],"wp:attachment":[{"href":"https:\/\/www.gemcoengineering.it\/es\/wp-json\/wp\/v2\/media?parent=2304"}],"curies":[{"name":"wp","href":"https:\/\/api.w.org\/{rel}","templated":true}]}}